{"id":346,"date":"2018-12-17T18:19:41","date_gmt":"2018-12-17T23:19:41","guid":{"rendered":"http:\/\/estrategiasdeautoproteccion.com\/?page_id=346"},"modified":"2022-05-12T20:10:49","modified_gmt":"2022-05-13T01:10:49","slug":"artes-marciales-filipinas","status":"publish","type":"page","link":"https:\/\/estrategiasdeautoproteccion.com\/index.php\/artes-marciales-filipinas\/","title":{"rendered":"Artes Marciales Filipinas"},"content":{"rendered":"\t\t<div data-elementor-type=\"wp-post\" data-elementor-id=\"346\" class=\"elementor elementor-346\">\n\t\t\t\t\t\t<section class=\"elementor-section elementor-top-section elementor-element elementor-element-4ad63286 elementor-section-height-min-height elementor-section-items-stretch elementor-section-content-middle elementor-section-stretched elementor-section-full_width elementor-section-height-default elementor-invisible\" data-id=\"4ad63286\" data-element_type=\"section\" data-e-type=\"section\" data-settings=\"{&quot;background_background&quot;:&quot;classic&quot;,&quot;stretch_section&quot;:&quot;section-stretched&quot;,&quot;animation&quot;:&quot;slideInDown&quot;}\">\n\t\t\t\t\t\t<div class=\"elementor-container elementor-column-gap-no\">\n\t\t\t\t\t<div class=\"elementor-column elementor-col-50 elementor-top-column elementor-element elementor-element-330e9d45\" data-id=\"330e9d45\" data-element_type=\"column\" data-e-type=\"column\" data-settings=\"{&quot;background_background&quot;:&quot;classic&quot;}\">\n\t\t\t<div class=\"elementor-widget-wrap elementor-element-populated\">\n\t\t\t\t\t<div class=\"elementor-background-overlay\"><\/div>\n\t\t\t\t\t\t<div class=\"elementor-element elementor-element-7ec19287 elementor-widget elementor-widget-spacer\" data-id=\"7ec19287\" data-element_type=\"widget\" data-e-type=\"widget\" data-widget_type=\"spacer.default\">\n\t\t\t\t<div class=\"elementor-widget-container\">\n\t\t\t\t\t\t\t<div class=\"elementor-spacer\">\n\t\t\t<div class=\"elementor-spacer-inner\"><\/div>\n\t\t<\/div>\n\t\t\t\t\t\t<\/div>\n\t\t\t\t<\/div>\n\t\t\t\t\t<\/div>\n\t\t<\/div>\n\t\t\t\t<div class=\"elementor-column elementor-col-50 elementor-top-column elementor-element elementor-element-275d48b\" data-id=\"275d48b\" data-element_type=\"column\" data-e-type=\"column\" data-settings=\"{&quot;background_background&quot;:&quot;classic&quot;}\">\n\t\t\t<div class=\"elementor-widget-wrap elementor-element-populated\">\n\t\t\t\t\t\t<div class=\"elementor-element elementor-element-150de2e elementor-widget elementor-widget-spacer\" data-id=\"150de2e\" data-element_type=\"widget\" data-e-type=\"widget\" data-widget_type=\"spacer.default\">\n\t\t\t\t<div class=\"elementor-widget-container\">\n\t\t\t\t\t\t\t<div class=\"elementor-spacer\">\n\t\t\t<div class=\"elementor-spacer-inner\"><\/div>\n\t\t<\/div>\n\t\t\t\t\t\t<\/div>\n\t\t\t\t<\/div>\n\t\t\t\t<div class=\"elementor-element elementor-element-b68baf0 elementor-widget elementor-widget-heading\" data-id=\"b68baf0\" data-element_type=\"widget\" data-e-type=\"widget\" data-widget_type=\"heading.default\">\n\t\t\t\t<div class=\"elementor-widget-container\">\n\t\t\t\t\t<h2 class=\"elementor-heading-title elementor-size-xl\">ARTES MARCIALES FILIPINAS<\/h2>\t\t\t\t<\/div>\n\t\t\t\t<\/div>\n\t\t\t\t<div class=\"elementor-element elementor-element-816dd84 elementor-widget elementor-widget-text-editor\" data-id=\"816dd84\" data-element_type=\"widget\" data-e-type=\"widget\" data-widget_type=\"text-editor.default\">\n\t\t\t\t<div class=\"elementor-widget-container\">\n\t\t\t\t\t\t\t\t\t<p>Las Artes Marciales Filipinas son relacionadas con t\u00e9rminos como Eskrima \u2013 Kali \u2013 Arnis. La diferencia del nombre depende del lugar de las Filipinas donde se practique esta actividad.<\/p>\n<p>Se caracterizan por el dominio de diferentes tipos de armas como bastones, conocidos como \u00abolisis\u00bb; adem\u00e1s de cuchillos, dagas, machetes, pu\u00f1ales, karambits, y todo tipo de armas de filo.<\/p>\n<p>Tambi\u00e9n poseen recursos para peleas a mano limpia que incluyen agarres, controles, luxaciones, derribos, entre otros. Aqu\u00ed es caracter\u00edstico el denominado \u00abboxeo sucio\u00bb.<\/p>\n<p>Las Artes Marciales Filipinas son un referente para otras disciplinas y sistemas marciales en varios aspectos, e incluso son practicadas por fuerzas especiales de diferentes pa\u00edses del mundo.<\/p>\t\t\t\t\t\t\t\t<\/div>\n\t\t\t\t<\/div>\n\t\t\t\t\t<\/div>\n\t\t<\/div>\n\t\t\t\t\t<\/div>\n\t\t<\/section>\n\t\t\t\t<section class=\"elementor-section elementor-top-section elementor-element elementor-element-2bf0dbf1 elementor-section-boxed elementor-section-height-default elementor-section-height-default\" data-id=\"2bf0dbf1\" data-element_type=\"section\" data-e-type=\"section\" data-settings=\"{&quot;background_background&quot;:&quot;classic&quot;}\">\n\t\t\t\t\t\t<div class=\"elementor-container elementor-column-gap-default\">\n\t\t\t\t\t<div class=\"elementor-column elementor-col-33 elementor-top-column elementor-element elementor-element-65739cb4\" data-id=\"65739cb4\" data-element_type=\"column\" data-e-type=\"column\">\n\t\t\t<div class=\"elementor-widget-wrap elementor-element-populated\">\n\t\t\t\t\t\t<div class=\"elementor-element elementor-element-2bef3b0f elementor-invisible elementor-widget elementor-widget-image\" data-id=\"2bef3b0f\" data-element_type=\"widget\" data-e-type=\"widget\" data-settings=\"{&quot;_animation&quot;:&quot;fadeInUp&quot;}\" data-widget_type=\"image.default\">\n\t\t\t\t<div class=\"elementor-widget-container\">\n\t\t\t\t\t\t\t\t\t\t\t\t<figure class=\"wp-caption\">\n\t\t\t\t\t\t\t\t\t\t\t<a href=\"http:\/\/estrategiasdeautoproteccion.com\/wp-content\/uploads\/2018\/12\/28.jpg\" data-elementor-open-lightbox=\"yes\" data-elementor-lightbox-title=\"28.jpg\" data-e-action-hash=\"#elementor-action%3Aaction%3Dlightbox%26settings%3DeyJpZCI6MzEsInVybCI6Imh0dHBzOlwvXC9lc3RyYXRlZ2lhc2RlYXV0b3Byb3RlY2Npb24uY29tXC93cC1jb250ZW50XC91cGxvYWRzXC8yMDE4XC8xMlwvMjguanBnIn0%3D\">\n\t\t\t\t\t\t\t<img decoding=\"async\" width=\"1\" height=\"1\" src=\"https:\/\/estrategiasdeautoproteccion.com\/wp-content\/uploads\/2018\/12\/28.jpg\" class=\"attachment-large size-large wp-image-31\" alt=\"\" \/>\t\t\t\t\t\t\t\t<\/a>\n\t\t\t\t\t\t\t\t\t\t\t<figcaption class=\"widget-image-caption wp-caption-text\"><\/figcaption>\n\t\t\t\t\t\t\t\t\t\t<\/figure>\n\t\t\t\t\t\t\t\t\t<\/div>\n\t\t\t\t<\/div>\n\t\t\t\t<div class=\"elementor-element elementor-element-57d58c41 elementor-invisible elementor-widget elementor-widget-image\" data-id=\"57d58c41\" data-element_type=\"widget\" data-e-type=\"widget\" data-settings=\"{&quot;_animation&quot;:&quot;fadeInDown&quot;}\" data-widget_type=\"image.default\">\n\t\t\t\t<div class=\"elementor-widget-container\">\n\t\t\t\t\t\t\t\t\t\t\t\t\t\t\t\t<a href=\"http:\/\/estrategiasdeautoproteccion.com\/wp-content\/uploads\/2021\/01\/cropped-logo-color-2.png\" data-elementor-open-lightbox=\"yes\" data-elementor-lightbox-title=\"cropped-logo-color-2.png\" data-elementor-lightbox-description=\"http:\/\/estrategiasdeautoproteccion.com\/wp-content\/uploads\/2021\/01\/cropped-logo-color-2.png\" data-e-action-hash=\"#elementor-action%3Aaction%3Dlightbox%26settings%3DeyJpZCI6MTkzMiwidXJsIjoiaHR0cHM6XC9cL2VzdHJhdGVnaWFzZGVhdXRvcHJvdGVjY2lvbi5jb21cL3dwLWNvbnRlbnRcL3VwbG9hZHNcLzIwMjFcLzAxXC9jcm9wcGVkLWxvZ28tY29sb3ItMi5wbmcifQ%3D%3D\">\n\t\t\t\t\t\t\t<img fetchpriority=\"high\" decoding=\"async\" width=\"240\" height=\"244\" src=\"https:\/\/estrategiasdeautoproteccion.com\/wp-content\/uploads\/2021\/01\/cropped-logo-color-2.png\" class=\"attachment-large size-large wp-image-1932\" alt=\"\" \/>\t\t\t\t\t\t\t\t<\/a>\n\t\t\t\t\t\t\t\t\t\t\t\t\t\t\t<\/div>\n\t\t\t\t<\/div>\n\t\t\t\t<div class=\"elementor-element elementor-element-dd2989f elementor-invisible elementor-widget elementor-widget-image\" data-id=\"dd2989f\" data-element_type=\"widget\" data-e-type=\"widget\" data-settings=\"{&quot;_animation&quot;:&quot;fadeInLeft&quot;}\" data-widget_type=\"image.default\">\n\t\t\t\t<div class=\"elementor-widget-container\">\n\t\t\t\t\t\t\t\t\t\t\t\t<figure class=\"wp-caption\">\n\t\t\t\t\t\t\t\t\t\t\t<a href=\"http:\/\/estrategiasdeautoproteccion.com\/wp-content\/uploads\/2018\/12\/IMG_4551-copia-1-2.jpg\" data-elementor-open-lightbox=\"yes\" data-elementor-lightbox-title=\"IMG_4551 copia (1)\" data-e-action-hash=\"#elementor-action%3Aaction%3Dlightbox%26settings%3DeyJpZCI6MzUxLCJ1cmwiOiJodHRwczpcL1wvZXN0cmF0ZWdpYXNkZWF1dG9wcm90ZWNjaW9uLmNvbVwvd3AtY29udGVudFwvdXBsb2Fkc1wvMjAxOFwvMTJcL0lNR180NTUxLWNvcGlhLTEtMi5qcGcifQ%3D%3D\">\n\t\t\t\t\t\t\t<img decoding=\"async\" width=\"840\" height=\"560\" src=\"https:\/\/estrategiasdeautoproteccion.com\/wp-content\/uploads\/2018\/12\/IMG_4551-copia-1-2-1024x683.jpg\" class=\"attachment-large size-large wp-image-351\" alt=\"\" srcset=\"https:\/\/estrategiasdeautoproteccion.com\/wp-content\/uploads\/2018\/12\/IMG_4551-copia-1-2-1024x683.jpg 1024w, https:\/\/estrategiasdeautoproteccion.com\/wp-content\/uploads\/2018\/12\/IMG_4551-copia-1-2-300x200.jpg 300w, https:\/\/estrategiasdeautoproteccion.com\/wp-content\/uploads\/2018\/12\/IMG_4551-copia-1-2-768x512.jpg 768w\" sizes=\"(max-width: 709px) 85vw, (max-width: 909px) 67vw, (max-width: 1362px) 62vw, 840px\" \/>\t\t\t\t\t\t\t\t<\/a>\n\t\t\t\t\t\t\t\t\t\t\t<figcaption class=\"widget-image-caption wp-caption-text\">HABILIDADES EN MANEJO DE KARAMBIT<\/figcaption>\n\t\t\t\t\t\t\t\t\t\t<\/figure>\n\t\t\t\t\t\t\t\t\t<\/div>\n\t\t\t\t<\/div>\n\t\t\t\t<div class=\"elementor-element elementor-element-5b7eb84a elementor-invisible elementor-widget elementor-widget-image\" data-id=\"5b7eb84a\" data-element_type=\"widget\" data-e-type=\"widget\" data-settings=\"{&quot;_animation&quot;:&quot;fadeInUp&quot;}\" data-widget_type=\"image.default\">\n\t\t\t\t<div class=\"elementor-widget-container\">\n\t\t\t\t\t\t\t\t\t\t\t\t<figure class=\"wp-caption\">\n\t\t\t\t\t\t\t\t\t\t\t<a href=\"http:\/\/estrategiasdeautoproteccion.com\/wp-content\/uploads\/2018\/12\/IMG_1928-1.jpg\" data-elementor-open-lightbox=\"yes\" data-elementor-lightbox-title=\"IMG_1928\" data-e-action-hash=\"#elementor-action%3Aaction%3Dlightbox%26settings%3DeyJpZCI6MzU5LCJ1cmwiOiJodHRwczpcL1wvZXN0cmF0ZWdpYXNkZWF1dG9wcm90ZWNjaW9uLmNvbVwvd3AtY29udGVudFwvdXBsb2Fkc1wvMjAxOFwvMTJcL0lNR18xOTI4LTEtZTE1NjgzMjA4MzE1NDEuanBnIn0%3D\">\n\t\t\t\t\t\t\t<img loading=\"lazy\" decoding=\"async\" width=\"840\" height=\"560\" src=\"https:\/\/estrategiasdeautoproteccion.com\/wp-content\/uploads\/2018\/12\/IMG_1928-1-e1568320831541-1024x683.jpg\" class=\"attachment-large size-large wp-image-359\" alt=\"\" srcset=\"https:\/\/estrategiasdeautoproteccion.com\/wp-content\/uploads\/2018\/12\/IMG_1928-1-e1568320831541-1024x683.jpg 1024w, https:\/\/estrategiasdeautoproteccion.com\/wp-content\/uploads\/2018\/12\/IMG_1928-1-e1568320831541-300x200.jpg 300w, https:\/\/estrategiasdeautoproteccion.com\/wp-content\/uploads\/2018\/12\/IMG_1928-1-e1568320831541-768x512.jpg 768w\" sizes=\"(max-width: 709px) 85vw, (max-width: 909px) 67vw, (max-width: 1362px) 62vw, 840px\" \/>\t\t\t\t\t\t\t\t<\/a>\n\t\t\t\t\t\t\t\t\t\t\t<figcaption class=\"widget-image-caption wp-caption-text\">DESARMES DE CUCHILLO<\/figcaption>\n\t\t\t\t\t\t\t\t\t\t<\/figure>\n\t\t\t\t\t\t\t\t\t<\/div>\n\t\t\t\t<\/div>\n\t\t\t\t\t<\/div>\n\t\t<\/div>\n\t\t\t\t<div class=\"elementor-column elementor-col-33 elementor-top-column elementor-element elementor-element-588f8b90\" data-id=\"588f8b90\" data-element_type=\"column\" data-e-type=\"column\">\n\t\t\t<div class=\"elementor-widget-wrap elementor-element-populated\">\n\t\t\t\t\t\t<div class=\"elementor-element elementor-element-70effd9c elementor-invisible elementor-widget elementor-widget-image\" data-id=\"70effd9c\" data-element_type=\"widget\" data-e-type=\"widget\" data-settings=\"{&quot;_animation&quot;:&quot;fadeInLeft&quot;}\" data-widget_type=\"image.default\">\n\t\t\t\t<div class=\"elementor-widget-container\">\n\t\t\t\t\t\t\t\t\t\t\t\t<figure class=\"wp-caption\">\n\t\t\t\t\t\t\t\t\t\t\t<a href=\"http:\/\/estrategiasdeautoproteccion.com\/wp-content\/uploads\/2018\/12\/0-1.jpg\" data-elementor-open-lightbox=\"yes\" data-e-action-hash=\"#elementor-action%3Aaction%3Dlightbox%26settings%3DeyJpZCI6MzU2LCJ1cmwiOiJodHRwczpcL1wvZXN0cmF0ZWdpYXNkZWF1dG9wcm90ZWNjaW9uLmNvbVwvd3AtY29udGVudFwvdXBsb2Fkc1wvMjAxOFwvMTJcLzAtMS5qcGcifQ%3D%3D\">\n\t\t\t\t\t\t\t<img loading=\"lazy\" decoding=\"async\" width=\"399\" height=\"608\" src=\"https:\/\/estrategiasdeautoproteccion.com\/wp-content\/uploads\/2018\/12\/0-1.jpg\" class=\"attachment-large size-large wp-image-356\" alt=\"\" srcset=\"https:\/\/estrategiasdeautoproteccion.com\/wp-content\/uploads\/2018\/12\/0-1.jpg 399w, https:\/\/estrategiasdeautoproteccion.com\/wp-content\/uploads\/2018\/12\/0-1-197x300.jpg 197w\" sizes=\"(max-width: 399px) 85vw, 399px\" \/>\t\t\t\t\t\t\t\t<\/a>\n\t\t\t\t\t\t\t\t\t\t\t<figcaption class=\"widget-image-caption wp-caption-text\">GRADUACI\u00d3N COMO INSTRUCTOR EN MANEJO DE CUCHILLO<\/figcaption>\n\t\t\t\t\t\t\t\t\t\t<\/figure>\n\t\t\t\t\t\t\t\t\t<\/div>\n\t\t\t\t<\/div>\n\t\t\t\t<div class=\"elementor-element elementor-element-6fdc34c8 elementor-invisible elementor-widget elementor-widget-image\" data-id=\"6fdc34c8\" data-element_type=\"widget\" data-e-type=\"widget\" data-settings=\"{&quot;_animation&quot;:&quot;fadeInLeft&quot;}\" data-widget_type=\"image.default\">\n\t\t\t\t<div class=\"elementor-widget-container\">\n\t\t\t\t\t\t\t\t\t\t\t\t<figure class=\"wp-caption\">\n\t\t\t\t\t\t\t\t\t\t\t<a href=\"http:\/\/estrategiasdeautoproteccion.com\/wp-content\/uploads\/2018\/12\/48416281_2146340055682310_9121363518442962944_n.jpg\" data-elementor-open-lightbox=\"yes\" data-elementor-lightbox-title=\"48416281_2146340055682310_9121363518442962944_n\" data-e-action-hash=\"#elementor-action%3Aaction%3Dlightbox%26settings%3DeyJpZCI6MzYwLCJ1cmwiOiJodHRwczpcL1wvZXN0cmF0ZWdpYXNkZWF1dG9wcm90ZWNjaW9uLmNvbVwvd3AtY29udGVudFwvdXBsb2Fkc1wvMjAxOFwvMTJcLzQ4NDE2MjgxXzIxNDYzNDAwNTU2ODIzMTBfOTEyMTM2MzUxODQ0Mjk2Mjk0NF9uLmpwZyJ9\">\n\t\t\t\t\t\t\t<img loading=\"lazy\" decoding=\"async\" width=\"840\" height=\"630\" src=\"https:\/\/estrategiasdeautoproteccion.com\/wp-content\/uploads\/2018\/12\/48416281_2146340055682310_9121363518442962944_n.jpg\" class=\"attachment-large size-large wp-image-360\" alt=\"\" srcset=\"https:\/\/estrategiasdeautoproteccion.com\/wp-content\/uploads\/2018\/12\/48416281_2146340055682310_9121363518442962944_n.jpg 960w, https:\/\/estrategiasdeautoproteccion.com\/wp-content\/uploads\/2018\/12\/48416281_2146340055682310_9121363518442962944_n-300x225.jpg 300w, https:\/\/estrategiasdeautoproteccion.com\/wp-content\/uploads\/2018\/12\/48416281_2146340055682310_9121363518442962944_n-768x576.jpg 768w\" sizes=\"(max-width: 709px) 85vw, (max-width: 909px) 67vw, (max-width: 1362px) 62vw, 840px\" \/>\t\t\t\t\t\t\t\t<\/a>\n\t\t\t\t\t\t\t\t\t\t\t<figcaption class=\"widget-image-caption wp-caption-text\">CAPACITACI\u00d3N A PERSONAL CIVIL<\/figcaption>\n\t\t\t\t\t\t\t\t\t\t<\/figure>\n\t\t\t\t\t\t\t\t\t<\/div>\n\t\t\t\t<\/div>\n\t\t\t\t<div class=\"elementor-element elementor-element-273323 elementor-invisible elementor-widget elementor-widget-image\" data-id=\"273323\" data-element_type=\"widget\" data-e-type=\"widget\" data-settings=\"{&quot;_animation&quot;:&quot;fadeInRight&quot;}\" data-widget_type=\"image.default\">\n\t\t\t\t<div class=\"elementor-widget-container\">\n\t\t\t\t\t\t\t\t\t\t\t\t<figure class=\"wp-caption\">\n\t\t\t\t\t\t\t\t\t\t\t<a href=\"http:\/\/estrategiasdeautoproteccion.com\/wp-content\/uploads\/2018\/12\/27.jpg\" data-elementor-open-lightbox=\"yes\" data-elementor-lightbox-title=\"27\" data-e-action-hash=\"#elementor-action%3Aaction%3Dlightbox%26settings%3DeyJpZCI6MzYyLCJ1cmwiOiJodHRwczpcL1wvZXN0cmF0ZWdpYXNkZWF1dG9wcm90ZWNjaW9uLmNvbVwvd3AtY29udGVudFwvdXBsb2Fkc1wvMjAxOFwvMTJcLzI3LmpwZyJ9\">\n\t\t\t\t\t\t\t<img loading=\"lazy\" decoding=\"async\" width=\"840\" height=\"550\" src=\"https:\/\/estrategiasdeautoproteccion.com\/wp-content\/uploads\/2018\/12\/27.jpg\" class=\"attachment-large size-large wp-image-362\" alt=\"\" srcset=\"https:\/\/estrategiasdeautoproteccion.com\/wp-content\/uploads\/2018\/12\/27.jpg 917w, https:\/\/estrategiasdeautoproteccion.com\/wp-content\/uploads\/2018\/12\/27-300x196.jpg 300w, https:\/\/estrategiasdeautoproteccion.com\/wp-content\/uploads\/2018\/12\/27-768x503.jpg 768w\" sizes=\"(max-width: 709px) 85vw, (max-width: 909px) 67vw, (max-width: 1362px) 62vw, 840px\" \/>\t\t\t\t\t\t\t\t<\/a>\n\t\t\t\t\t\t\t\t\t\t\t<figcaption class=\"widget-image-caption wp-caption-text\">CAPACITACI\u00d3N A PERSONAL CIVIL<\/figcaption>\n\t\t\t\t\t\t\t\t\t\t<\/figure>\n\t\t\t\t\t\t\t\t\t<\/div>\n\t\t\t\t<\/div>\n\t\t\t\t\t<\/div>\n\t\t<\/div>\n\t\t\t\t<div class=\"elementor-column elementor-col-33 elementor-top-column elementor-element elementor-element-18823c5a\" data-id=\"18823c5a\" data-element_type=\"column\" data-e-type=\"column\">\n\t\t\t<div class=\"elementor-widget-wrap elementor-element-populated\">\n\t\t\t\t\t\t<div class=\"elementor-element elementor-element-57bd79b0 elementor-invisible elementor-widget elementor-widget-image\" data-id=\"57bd79b0\" data-element_type=\"widget\" data-e-type=\"widget\" data-settings=\"{&quot;_animation&quot;:&quot;fadeInRight&quot;}\" data-widget_type=\"image.default\">\n\t\t\t\t<div class=\"elementor-widget-container\">\n\t\t\t\t\t\t\t\t\t\t\t\t<figure class=\"wp-caption\">\n\t\t\t\t\t\t\t\t\t\t\t<a href=\"http:\/\/estrategiasdeautoproteccion.com\/wp-content\/uploads\/2018\/12\/IMG_4591-copia-1.jpg\" data-elementor-open-lightbox=\"yes\" data-elementor-lightbox-title=\"IMG_4591 copia\" data-e-action-hash=\"#elementor-action%3Aaction%3Dlightbox%26settings%3DeyJpZCI6MzU4LCJ1cmwiOiJodHRwczpcL1wvZXN0cmF0ZWdpYXNkZWF1dG9wcm90ZWNjaW9uLmNvbVwvd3AtY29udGVudFwvdXBsb2Fkc1wvMjAxOFwvMTJcL0lNR180NTkxLWNvcGlhLTEuanBnIn0%3D\">\n\t\t\t\t\t\t\t<img loading=\"lazy\" decoding=\"async\" width=\"840\" height=\"560\" src=\"https:\/\/estrategiasdeautoproteccion.com\/wp-content\/uploads\/2018\/12\/IMG_4591-copia-1-1024x683.jpg\" class=\"attachment-large size-large wp-image-358\" alt=\"\" srcset=\"https:\/\/estrategiasdeautoproteccion.com\/wp-content\/uploads\/2018\/12\/IMG_4591-copia-1-1024x683.jpg 1024w, https:\/\/estrategiasdeautoproteccion.com\/wp-content\/uploads\/2018\/12\/IMG_4591-copia-1-300x200.jpg 300w, https:\/\/estrategiasdeautoproteccion.com\/wp-content\/uploads\/2018\/12\/IMG_4591-copia-1-768x512.jpg 768w\" sizes=\"(max-width: 709px) 85vw, (max-width: 909px) 67vw, (max-width: 1362px) 62vw, 840px\" \/>\t\t\t\t\t\t\t\t<\/a>\n\t\t\t\t\t\t\t\t\t\t\t<figcaption class=\"widget-image-caption wp-caption-text\">HABILIDADES EN MANEJO DE KARAMBIT<\/figcaption>\n\t\t\t\t\t\t\t\t\t\t<\/figure>\n\t\t\t\t\t\t\t\t\t<\/div>\n\t\t\t\t<\/div>\n\t\t\t\t<div class=\"elementor-element elementor-element-2eba231b elementor-invisible elementor-widget elementor-widget-image\" data-id=\"2eba231b\" data-element_type=\"widget\" data-e-type=\"widget\" data-settings=\"{&quot;_animation&quot;:&quot;fadeInUp&quot;}\" data-widget_type=\"image.default\">\n\t\t\t\t<div class=\"elementor-widget-container\">\n\t\t\t\t\t\t\t\t\t\t\t\t<figure class=\"wp-caption\">\n\t\t\t\t\t\t\t\t\t\t\t<a href=\"http:\/\/estrategiasdeautoproteccion.com\/wp-content\/uploads\/2018\/12\/IMG_1929.jpg\" data-elementor-open-lightbox=\"yes\" data-elementor-lightbox-title=\"IMG_1929\" data-e-action-hash=\"#elementor-action%3Aaction%3Dlightbox%26settings%3DeyJpZCI6MzYxLCJ1cmwiOiJodHRwczpcL1wvZXN0cmF0ZWdpYXNkZWF1dG9wcm90ZWNjaW9uLmNvbVwvd3AtY29udGVudFwvdXBsb2Fkc1wvMjAxOFwvMTJcL0lNR18xOTI5LmpwZyJ9\">\n\t\t\t\t\t\t\t<img loading=\"lazy\" decoding=\"async\" width=\"683\" height=\"1024\" src=\"https:\/\/estrategiasdeautoproteccion.com\/wp-content\/uploads\/2018\/12\/IMG_1929-683x1024.jpg\" class=\"attachment-large size-large wp-image-361\" alt=\"\" srcset=\"https:\/\/estrategiasdeautoproteccion.com\/wp-content\/uploads\/2018\/12\/IMG_1929-683x1024.jpg 683w, https:\/\/estrategiasdeautoproteccion.com\/wp-content\/uploads\/2018\/12\/IMG_1929-200x300.jpg 200w, https:\/\/estrategiasdeautoproteccion.com\/wp-content\/uploads\/2018\/12\/IMG_1929-768x1152.jpg 768w\" sizes=\"(max-width: 683px) 85vw, 683px\" \/>\t\t\t\t\t\t\t\t<\/a>\n\t\t\t\t\t\t\t\t\t\t\t<figcaption class=\"widget-image-caption wp-caption-text\">DESARMES DE CUCHILLO<\/figcaption>\n\t\t\t\t\t\t\t\t\t\t<\/figure>\n\t\t\t\t\t\t\t\t\t<\/div>\n\t\t\t\t<\/div>\n\t\t\t\t<div class=\"elementor-element elementor-element-a1a9919 elementor-invisible elementor-widget elementor-widget-image\" data-id=\"a1a9919\" data-element_type=\"widget\" data-e-type=\"widget\" data-settings=\"{&quot;_animation&quot;:&quot;fadeInRight&quot;}\" data-widget_type=\"image.default\">\n\t\t\t\t<div class=\"elementor-widget-container\">\n\t\t\t\t\t\t\t\t\t\t\t\t<figure class=\"wp-caption\">\n\t\t\t\t\t\t\t\t\t\t\t<a href=\"http:\/\/estrategiasdeautoproteccion.com\/wp-content\/uploads\/2018\/12\/DSCN0469.jpg\" data-elementor-open-lightbox=\"yes\" data-elementor-lightbox-title=\"DSCN0469\" data-e-action-hash=\"#elementor-action%3Aaction%3Dlightbox%26settings%3DeyJpZCI6MzU3LCJ1cmwiOiJodHRwczpcL1wvZXN0cmF0ZWdpYXNkZWF1dG9wcm90ZWNjaW9uLmNvbVwvd3AtY29udGVudFwvdXBsb2Fkc1wvMjAxOFwvMTJcL0RTQ04wNDY5LmpwZyJ9\">\n\t\t\t\t\t\t\t<img loading=\"lazy\" decoding=\"async\" width=\"840\" height=\"630\" src=\"https:\/\/estrategiasdeautoproteccion.com\/wp-content\/uploads\/2018\/12\/DSCN0469-1024x768.jpg\" class=\"attachment-large size-large wp-image-357\" alt=\"\" srcset=\"https:\/\/estrategiasdeautoproteccion.com\/wp-content\/uploads\/2018\/12\/DSCN0469-1024x768.jpg 1024w, https:\/\/estrategiasdeautoproteccion.com\/wp-content\/uploads\/2018\/12\/DSCN0469-300x225.jpg 300w, https:\/\/estrategiasdeautoproteccion.com\/wp-content\/uploads\/2018\/12\/DSCN0469-768x576.jpg 768w\" sizes=\"(max-width: 709px) 85vw, (max-width: 909px) 67vw, (max-width: 1362px) 62vw, 840px\" \/>\t\t\t\t\t\t\t\t<\/a>\n\t\t\t\t\t\t\t\t\t\t\t<figcaption class=\"widget-image-caption wp-caption-text\">HABILIDADES EN MANEJO DE KARAMBIT<\/figcaption>\n\t\t\t\t\t\t\t\t\t\t<\/figure>\n\t\t\t\t\t\t\t\t\t<\/div>\n\t\t\t\t<\/div>\n\t\t\t\t\t<\/div>\n\t\t<\/div>\n\t\t\t\t\t<\/div>\n\t\t<\/section>\n\t\t\t\t<\/div>\n\t\t","protected":false},"excerpt":{"rendered":"<p>ARTES MARCIALES FILIPINAS Las Artes Marciales Filipinas son relacionadas con t\u00e9rminos como Eskrima \u2013 Kali \u2013 Arnis. La diferencia del nombre depende del lugar de las Filipinas donde se practique esta actividad. Se caracterizan por el dominio de diferentes tipos de armas como bastones, conocidos como \u00abolisis\u00bb; adem\u00e1s de cuchillos, dagas, machetes, pu\u00f1ales, karambits, y &hellip; <a href=\"https:\/\/estrategiasdeautoproteccion.com\/index.php\/artes-marciales-filipinas\/\" class=\"more-link\">Continuar leyendo<span class=\"screen-reader-text\"> \u00abArtes Marciales Filipinas\u00bb<\/span><\/a><\/p>\n","protected":false},"author":1,"featured_media":0,"parent":0,"menu_order":0,"comment_status":"closed","ping_status":"closed","template":"elementor_header_footer","meta":{"footnotes":""},"_links":{"self":[{"href":"https:\/\/estrategiasdeautoproteccion.com\/index.php\/wp-json\/wp\/v2\/pages\/346"}],"collection":[{"href":"https:\/\/estrategiasdeautoproteccion.com\/index.php\/wp-json\/wp\/v2\/pages"}],"about":[{"href":"https:\/\/estrategiasdeautoproteccion.com\/index.php\/wp-json\/wp\/v2\/types\/page"}],"author":[{"embeddable":true,"href":"https:\/\/estrategiasdeautoproteccion.com\/index.php\/wp-json\/wp\/v2\/users\/1"}],"replies":[{"embeddable":true,"href":"https:\/\/estrategiasdeautoproteccion.com\/index.php\/wp-json\/wp\/v2\/comments?post=346"}],"version-history":[{"count":18,"href":"https:\/\/estrategiasdeautoproteccion.com\/index.php\/wp-json\/wp\/v2\/pages\/346\/revisions"}],"predecessor-version":[{"id":4456,"href":"https:\/\/estrategiasdeautoproteccion.com\/index.php\/wp-json\/wp\/v2\/pages\/346\/revisions\/4456"}],"wp:attachment":[{"href":"https:\/\/estrategiasdeautoproteccion.com\/index.php\/wp-json\/wp\/v2\/media?parent=346"}],"curies":[{"name":"wp","href":"https:\/\/api.w.org\/{rel}","templated":true}]}}