{"id":368,"date":"2018-12-25T14:30:07","date_gmt":"2018-12-25T19:30:07","guid":{"rendered":"http:\/\/estrategiasdeautoproteccion.com\/?page_id=368"},"modified":"2021-04-08T10:57:18","modified_gmt":"2021-04-08T15:57:18","slug":"pnl","status":"publish","type":"page","link":"https:\/\/estrategiasdeautoproteccion.com\/index.php\/pnl\/","title":{"rendered":"Pnl"},"content":{"rendered":"\t\t<div data-elementor-type=\"wp-post\" data-elementor-id=\"368\" class=\"elementor elementor-368\">\n\t\t\t\t\t\t<section class=\"elementor-section elementor-top-section elementor-element elementor-element-6bac8a elementor-section-full_width elementor-section-height-min-height elementor-section-items-stretch elementor-section-content-middle elementor-section-stretched elementor-section-height-default elementor-invisible\" data-id=\"6bac8a\" data-element_type=\"section\" data-e-type=\"section\" data-settings=\"{&quot;stretch_section&quot;:&quot;section-stretched&quot;,&quot;animation&quot;:&quot;slideInDown&quot;,&quot;background_background&quot;:&quot;classic&quot;}\">\n\t\t\t\t\t\t<div class=\"elementor-container elementor-column-gap-no\">\n\t\t\t\t\t<div class=\"elementor-column elementor-col-100 elementor-top-column elementor-element elementor-element-b5ad12\" data-id=\"b5ad12\" data-element_type=\"column\" data-e-type=\"column\" data-settings=\"{&quot;background_background&quot;:&quot;classic&quot;}\">\n\t\t\t<div class=\"elementor-widget-wrap elementor-element-populated\">\n\t\t\t\t\t\t<div class=\"elementor-element elementor-element-64aa327c elementor-widget elementor-widget-spacer\" data-id=\"64aa327c\" data-element_type=\"widget\" data-e-type=\"widget\" data-widget_type=\"spacer.default\">\n\t\t\t\t<div class=\"elementor-widget-container\">\n\t\t\t\t\t\t\t<div class=\"elementor-spacer\">\n\t\t\t<div class=\"elementor-spacer-inner\"><\/div>\n\t\t<\/div>\n\t\t\t\t\t\t<\/div>\n\t\t\t\t<\/div>\n\t\t\t\t<div class=\"elementor-element elementor-element-1a49e2b elementor-widget elementor-widget-heading\" data-id=\"1a49e2b\" data-element_type=\"widget\" data-e-type=\"widget\" data-widget_type=\"heading.default\">\n\t\t\t\t<div class=\"elementor-widget-container\">\n\t\t\t\t\t<h2 class=\"elementor-heading-title elementor-size-large\">PROGRAMACI\u00d3N NEUROLING\u00dc\u00cdSTICA <\/h2>\t\t\t\t<\/div>\n\t\t\t\t<\/div>\n\t\t\t\t<div class=\"elementor-element elementor-element-231db67c elementor-widget elementor-widget-text-editor\" data-id=\"231db67c\" data-element_type=\"widget\" data-e-type=\"widget\" data-widget_type=\"text-editor.default\">\n\t\t\t\t<div class=\"elementor-widget-container\">\n\t\t\t\t\t\t\t\t\t<p>Haciendo un apretado resumen de toda la literatura existente acerca de lo que es la Programaci\u00f3n Neuroling\u00fc\u00edstica &#8211; conocida tambi\u00e9n como PNL-\u00a0 podemos decir que se trata de la forma en que a trav\u00e9s de las palabras se programa la mente de una persona.\u00a0<\/p><p>De aqu\u00ed nace toda la estructura de creencias limitantes y expansivas que hacen que el individuo tenga o no la vida que desea tener. Decidir qu\u00e9 hacer aparentemente es f\u00e1cil, pero el problema es que el subconsciente -al llenarse en la mayor\u00eda de casos de ideas negativas- bloquea todas las acciones conscientes del sujeto y este termina generalmente frustrado porque no puede alcanzar sus metas, cualesquiera que sean en la vida.<\/p><p>Trabajar con PNL para identificar los miedos y superarlos no implica solo aplicar mecanismos de motivaci\u00f3n o liderazgo, sino tambi\u00e9n establecer una serie de t\u00e9cnicas y pasos concretos que pueden hacer que el individuo se empodere de forma permanente, de tal manera que se vuelva totalmente consciente de que todo lo que pone en sus pensamientos se materializa en su vida.<\/p><p>En este contexto, una de las herramientas que se utilizan para reprogramar la mente de las personas es la Hipnosis.<\/p><p>Contrario a lo que muchos piensan, la Hipnosis es una terapia que va mucho m\u00e1s all\u00e1 del show televisivo, pues mediante la implantaci\u00f3n y anclaje de sugestiones poderosas, es posible modificar el pensamiento y por ende permitirle al individuo alcanzar los objetivos que desee.<\/p><p>Mediante la Hipnosis es factible superar todo tipo de temores y problemas psicosom\u00e1ticos, para lo cual se requiere utilizar\u00a0 una serie de pasos que llevan al estado de trance y relajaci\u00f3n sin que eso signifique perder la consciencia o caer en estados profundos de sue\u00f1o tal como err\u00f3neamente muchas personas creen.<\/p>\t\t\t\t\t\t\t\t<\/div>\n\t\t\t\t<\/div>\n\t\t\t\t\t<\/div>\n\t\t<\/div>\n\t\t\t\t\t<\/div>\n\t\t<\/section>\n\t\t\t\t<section class=\"elementor-section elementor-top-section elementor-element elementor-element-3b1ee89b elementor-section-stretched elementor-section-boxed elementor-section-height-default elementor-section-height-default\" data-id=\"3b1ee89b\" data-element_type=\"section\" data-e-type=\"section\" data-settings=\"{&quot;stretch_section&quot;:&quot;section-stretched&quot;,&quot;background_background&quot;:&quot;classic&quot;}\">\n\t\t\t\t\t\t<div class=\"elementor-container elementor-column-gap-default\">\n\t\t\t\t\t<div class=\"elementor-column elementor-col-33 elementor-top-column elementor-element elementor-element-239ed1ca\" data-id=\"239ed1ca\" data-element_type=\"column\" data-e-type=\"column\">\n\t\t\t<div class=\"elementor-widget-wrap elementor-element-populated\">\n\t\t\t\t\t\t<div class=\"elementor-element elementor-element-280fb75d elementor-invisible elementor-widget elementor-widget-image\" data-id=\"280fb75d\" data-element_type=\"widget\" data-e-type=\"widget\" data-settings=\"{&quot;_animation&quot;:&quot;fadeInDown&quot;}\" data-widget_type=\"image.default\">\n\t\t\t\t<div class=\"elementor-widget-container\">\n\t\t\t\t\t\t\t\t\t\t\t\t\t\t\t\t<a href=\"http:\/\/estrategiasdeautoproteccion.com\/wp-content\/uploads\/2021\/01\/cropped-logo-color-2.png\" data-elementor-open-lightbox=\"yes\" data-elementor-lightbox-title=\"cropped-logo-color-2.png\" data-elementor-lightbox-description=\"http:\/\/estrategiasdeautoproteccion.com\/wp-content\/uploads\/2021\/01\/cropped-logo-color-2.png\" data-e-action-hash=\"#elementor-action%3Aaction%3Dlightbox%26settings%3DeyJpZCI6MTkzMiwidXJsIjoiaHR0cHM6XC9cL2VzdHJhdGVnaWFzZGVhdXRvcHJvdGVjY2lvbi5jb21cL3dwLWNvbnRlbnRcL3VwbG9hZHNcLzIwMjFcLzAxXC9jcm9wcGVkLWxvZ28tY29sb3ItMi5wbmcifQ%3D%3D\">\n\t\t\t\t\t\t\t<img fetchpriority=\"high\" decoding=\"async\" width=\"240\" height=\"244\" src=\"https:\/\/estrategiasdeautoproteccion.com\/wp-content\/uploads\/2021\/01\/cropped-logo-color-2.png\" class=\"attachment-large size-large wp-image-1932\" alt=\"\" \/>\t\t\t\t\t\t\t\t<\/a>\n\t\t\t\t\t\t\t\t\t\t\t\t\t\t\t<\/div>\n\t\t\t\t<\/div>\n\t\t\t\t<div class=\"elementor-element elementor-element-6f4cdffe elementor-invisible elementor-widget elementor-widget-image\" data-id=\"6f4cdffe\" data-element_type=\"widget\" data-e-type=\"widget\" data-settings=\"{&quot;_animation&quot;:&quot;fadeInUp&quot;}\" data-widget_type=\"image.default\">\n\t\t\t\t<div class=\"elementor-widget-container\">\n\t\t\t\t\t\t\t\t\t\t\t\t<figure class=\"wp-caption\">\n\t\t\t\t\t\t\t\t\t\t\t<a href=\"http:\/\/estrategiasdeautoproteccion.com\/wp-content\/uploads\/2018\/12\/borrar-2.jpg\" data-elementor-open-lightbox=\"yes\" data-elementor-lightbox-title=\"borrar 2\" data-e-action-hash=\"#elementor-action%3Aaction%3Dlightbox%26settings%3DeyJpZCI6Mzc0LCJ1cmwiOiJodHRwczpcL1wvZXN0cmF0ZWdpYXNkZWF1dG9wcm90ZWNjaW9uLmNvbVwvd3AtY29udGVudFwvdXBsb2Fkc1wvMjAxOFwvMTJcL2JvcnJhci0yLmpwZyJ9\">\n\t\t\t\t\t\t\t<img decoding=\"async\" width=\"840\" height=\"560\" src=\"https:\/\/estrategiasdeautoproteccion.com\/wp-content\/uploads\/2018\/12\/borrar-2.jpg\" class=\"attachment-large size-large wp-image-374\" alt=\"\" srcset=\"https:\/\/estrategiasdeautoproteccion.com\/wp-content\/uploads\/2018\/12\/borrar-2.jpg 960w, https:\/\/estrategiasdeautoproteccion.com\/wp-content\/uploads\/2018\/12\/borrar-2-300x200.jpg 300w, https:\/\/estrategiasdeautoproteccion.com\/wp-content\/uploads\/2018\/12\/borrar-2-768x512.jpg 768w\" sizes=\"(max-width: 709px) 85vw, (max-width: 909px) 67vw, (max-width: 1362px) 62vw, 840px\" \/>\t\t\t\t\t\t\t\t<\/a>\n\t\t\t\t\t\t\t\t\t\t\t<figcaption class=\"widget-image-caption wp-caption-text\">SEMINARIOS  CON GRANDES MENTORES<\/figcaption>\n\t\t\t\t\t\t\t\t\t\t<\/figure>\n\t\t\t\t\t\t\t\t\t<\/div>\n\t\t\t\t<\/div>\n\t\t\t\t\t<\/div>\n\t\t<\/div>\n\t\t\t\t<div class=\"elementor-column elementor-col-33 elementor-top-column elementor-element elementor-element-1758eb0c\" data-id=\"1758eb0c\" data-element_type=\"column\" data-e-type=\"column\">\n\t\t\t<div class=\"elementor-widget-wrap elementor-element-populated\">\n\t\t\t\t\t\t<div class=\"elementor-element elementor-element-25adb47f elementor-invisible elementor-widget elementor-widget-image\" data-id=\"25adb47f\" data-element_type=\"widget\" data-e-type=\"widget\" data-settings=\"{&quot;_animation&quot;:&quot;fadeInLeft&quot;}\" data-widget_type=\"image.default\">\n\t\t\t\t<div class=\"elementor-widget-container\">\n\t\t\t\t\t\t\t\t\t\t\t\t\t\t\t\t<a href=\"http:\/\/estrategiasdeautoproteccion.com\/wp-content\/uploads\/2018\/12\/Hyenuk-ChuExperto-en-Bolsa-de-Valores-de-New-York-1.jpg\" data-elementor-open-lightbox=\"yes\" data-elementor-lightbox-title=\"Hyenuk ChuExperto en Bolsa de Valores de New York\" data-e-action-hash=\"#elementor-action%3Aaction%3Dlightbox%26settings%3DeyJpZCI6Mjc2LCJ1cmwiOiJodHRwczpcL1wvZXN0cmF0ZWdpYXNkZWF1dG9wcm90ZWNjaW9uLmNvbVwvd3AtY29udGVudFwvdXBsb2Fkc1wvMjAxOFwvMTJcL0h5ZW51ay1DaHVFeHBlcnRvLWVuLUJvbHNhLWRlLVZhbG9yZXMtZGUtTmV3LVlvcmstMS5qcGcifQ%3D%3D\">\n\t\t\t\t\t\t\t<img decoding=\"async\" width=\"840\" height=\"840\" src=\"https:\/\/estrategiasdeautoproteccion.com\/wp-content\/uploads\/2018\/12\/Hyenuk-ChuExperto-en-Bolsa-de-Valores-de-New-York-1-1024x1024.jpg\" class=\"attachment-large size-large wp-image-276\" alt=\"\" srcset=\"https:\/\/estrategiasdeautoproteccion.com\/wp-content\/uploads\/2018\/12\/Hyenuk-ChuExperto-en-Bolsa-de-Valores-de-New-York-1-1024x1024.jpg 1024w, https:\/\/estrategiasdeautoproteccion.com\/wp-content\/uploads\/2018\/12\/Hyenuk-ChuExperto-en-Bolsa-de-Valores-de-New-York-1-150x150.jpg 150w, https:\/\/estrategiasdeautoproteccion.com\/wp-content\/uploads\/2018\/12\/Hyenuk-ChuExperto-en-Bolsa-de-Valores-de-New-York-1-300x300.jpg 300w, https:\/\/estrategiasdeautoproteccion.com\/wp-content\/uploads\/2018\/12\/Hyenuk-ChuExperto-en-Bolsa-de-Valores-de-New-York-1-768x768.jpg 768w, https:\/\/estrategiasdeautoproteccion.com\/wp-content\/uploads\/2018\/12\/Hyenuk-ChuExperto-en-Bolsa-de-Valores-de-New-York-1-100x100.jpg 100w, https:\/\/estrategiasdeautoproteccion.com\/wp-content\/uploads\/2018\/12\/Hyenuk-ChuExperto-en-Bolsa-de-Valores-de-New-York-1.jpg 1080w\" sizes=\"(max-width: 709px) 85vw, (max-width: 909px) 67vw, (max-width: 1362px) 62vw, 840px\" \/>\t\t\t\t\t\t\t\t<\/a>\n\t\t\t\t\t\t\t\t\t\t\t\t\t\t\t<\/div>\n\t\t\t\t<\/div>\n\t\t\t\t<div class=\"elementor-element elementor-element-5cea7fb6 elementor-invisible elementor-widget elementor-widget-image\" data-id=\"5cea7fb6\" data-element_type=\"widget\" data-e-type=\"widget\" data-settings=\"{&quot;_animation&quot;:&quot;fadeInDown&quot;}\" data-widget_type=\"image.default\">\n\t\t\t\t<div class=\"elementor-widget-container\">\n\t\t\t\t\t\t\t\t\t\t\t\t<figure class=\"wp-caption\">\n\t\t\t\t\t\t\t\t\t\t\t<a href=\"http:\/\/estrategiasdeautoproteccion.com\/wp-content\/uploads\/2018\/12\/20993070_1945566775457230_9000343671144523073_n-1.jpg\" data-elementor-open-lightbox=\"yes\" data-elementor-lightbox-title=\"20993070_1945566775457230_9000343671144523073_n (1)\" data-e-action-hash=\"#elementor-action%3Aaction%3Dlightbox%26settings%3DeyJpZCI6Mzc2LCJ1cmwiOiJodHRwczpcL1wvZXN0cmF0ZWdpYXNkZWF1dG9wcm90ZWNjaW9uLmNvbVwvd3AtY29udGVudFwvdXBsb2Fkc1wvMjAxOFwvMTJcLzIwOTkzMDcwXzE5NDU1NjY3NzU0NTcyMzBfOTAwMDM0MzY3MTE0NDUyMzA3M19uLTEuanBnIn0%3D\">\n\t\t\t\t\t\t\t<img loading=\"lazy\" decoding=\"async\" width=\"840\" height=\"630\" src=\"https:\/\/estrategiasdeautoproteccion.com\/wp-content\/uploads\/2018\/12\/20993070_1945566775457230_9000343671144523073_n-1.jpg\" class=\"attachment-large size-large wp-image-376\" alt=\"\" srcset=\"https:\/\/estrategiasdeautoproteccion.com\/wp-content\/uploads\/2018\/12\/20993070_1945566775457230_9000343671144523073_n-1.jpg 960w, https:\/\/estrategiasdeautoproteccion.com\/wp-content\/uploads\/2018\/12\/20993070_1945566775457230_9000343671144523073_n-1-300x225.jpg 300w, https:\/\/estrategiasdeautoproteccion.com\/wp-content\/uploads\/2018\/12\/20993070_1945566775457230_9000343671144523073_n-1-768x576.jpg 768w\" sizes=\"(max-width: 709px) 85vw, (max-width: 909px) 67vw, (max-width: 1362px) 62vw, 840px\" \/>\t\t\t\t\t\t\t\t<\/a>\n\t\t\t\t\t\t\t\t\t\t\t<figcaption class=\"widget-image-caption wp-caption-text\">CURSOS DE HIPNOSIS<\/figcaption>\n\t\t\t\t\t\t\t\t\t\t<\/figure>\n\t\t\t\t\t\t\t\t\t<\/div>\n\t\t\t\t<\/div>\n\t\t\t\t\t<\/div>\n\t\t<\/div>\n\t\t\t\t<div class=\"elementor-column elementor-col-33 elementor-top-column elementor-element elementor-element-7ed51fee\" data-id=\"7ed51fee\" data-element_type=\"column\" data-e-type=\"column\">\n\t\t\t<div class=\"elementor-widget-wrap elementor-element-populated\">\n\t\t\t\t\t\t<div class=\"elementor-element elementor-element-639c5283 elementor-invisible elementor-widget elementor-widget-image\" data-id=\"639c5283\" data-element_type=\"widget\" data-e-type=\"widget\" data-settings=\"{&quot;_animation&quot;:&quot;fadeInRight&quot;}\" data-widget_type=\"image.default\">\n\t\t\t\t<div class=\"elementor-widget-container\">\n\t\t\t\t\t\t\t\t\t\t\t\t<figure class=\"wp-caption\">\n\t\t\t\t\t\t\t\t\t\t\t<a href=\"http:\/\/estrategiasdeautoproteccion.com\/wp-content\/uploads\/2018\/12\/Curso-PNL.jpg\" data-elementor-open-lightbox=\"yes\" data-elementor-lightbox-title=\"Curso PNL\" data-e-action-hash=\"#elementor-action%3Aaction%3Dlightbox%26settings%3DeyJpZCI6MzcyLCJ1cmwiOiJodHRwczpcL1wvZXN0cmF0ZWdpYXNkZWF1dG9wcm90ZWNjaW9uLmNvbVwvd3AtY29udGVudFwvdXBsb2Fkc1wvMjAxOFwvMTJcL0N1cnNvLVBOTC5qcGcifQ%3D%3D\">\n\t\t\t\t\t\t\t<img loading=\"lazy\" decoding=\"async\" width=\"552\" height=\"310\" src=\"https:\/\/estrategiasdeautoproteccion.com\/wp-content\/uploads\/2018\/12\/Curso-PNL.jpg\" class=\"attachment-large size-large wp-image-372\" alt=\"\" srcset=\"https:\/\/estrategiasdeautoproteccion.com\/wp-content\/uploads\/2018\/12\/Curso-PNL.jpg 552w, https:\/\/estrategiasdeautoproteccion.com\/wp-content\/uploads\/2018\/12\/Curso-PNL-300x168.jpg 300w\" sizes=\"(max-width: 552px) 85vw, 552px\" \/>\t\t\t\t\t\t\t\t<\/a>\n\t\t\t\t\t\t\t\t\t\t\t<figcaption class=\"widget-image-caption wp-caption-text\">SEMINARIOS  CON GRANDES MENTORES<\/figcaption>\n\t\t\t\t\t\t\t\t\t\t<\/figure>\n\t\t\t\t\t\t\t\t\t<\/div>\n\t\t\t\t<\/div>\n\t\t\t\t<div class=\"elementor-element elementor-element-41d502ca elementor-invisible elementor-widget elementor-widget-image\" data-id=\"41d502ca\" data-element_type=\"widget\" data-e-type=\"widget\" data-settings=\"{&quot;_animation&quot;:&quot;fadeInLeft&quot;}\" data-widget_type=\"image.default\">\n\t\t\t\t<div class=\"elementor-widget-container\">\n\t\t\t\t\t\t\t\t\t\t\t\t<figure class=\"wp-caption\">\n\t\t\t\t\t\t\t\t\t\t\t<a href=\"http:\/\/estrategiasdeautoproteccion.com\/wp-content\/uploads\/2018\/12\/Certificado-ventas.jpg\" data-elementor-open-lightbox=\"yes\" data-elementor-lightbox-title=\"Certificado ventas\" data-e-action-hash=\"#elementor-action%3Aaction%3Dlightbox%26settings%3DeyJpZCI6Mzc1LCJ1cmwiOiJodHRwczpcL1wvZXN0cmF0ZWdpYXNkZWF1dG9wcm90ZWNjaW9uLmNvbVwvd3AtY29udGVudFwvdXBsb2Fkc1wvMjAxOFwvMTJcL0NlcnRpZmljYWRvLXZlbnRhcy5qcGcifQ%3D%3D\">\n\t\t\t\t\t\t\t<img loading=\"lazy\" decoding=\"async\" width=\"608\" height=\"467\" src=\"https:\/\/estrategiasdeautoproteccion.com\/wp-content\/uploads\/2018\/12\/Certificado-ventas.jpg\" class=\"attachment-large size-large wp-image-375\" alt=\"\" srcset=\"https:\/\/estrategiasdeautoproteccion.com\/wp-content\/uploads\/2018\/12\/Certificado-ventas.jpg 608w, https:\/\/estrategiasdeautoproteccion.com\/wp-content\/uploads\/2018\/12\/Certificado-ventas-300x230.jpg 300w\" sizes=\"(max-width: 608px) 85vw, 608px\" \/>\t\t\t\t\t\t\t\t<\/a>\n\t\t\t\t\t\t\t\t\t\t\t<figcaption class=\"widget-image-caption wp-caption-text\">CURSOS DE VENTAS CON PNL<\/figcaption>\n\t\t\t\t\t\t\t\t\t\t<\/figure>\n\t\t\t\t\t\t\t\t\t<\/div>\n\t\t\t\t<\/div>\n\t\t\t\t\t<\/div>\n\t\t<\/div>\n\t\t\t\t\t<\/div>\n\t\t<\/section>\n\t\t\t\t<\/div>\n\t\t","protected":false},"excerpt":{"rendered":"<p>PROGRAMACI\u00d3N NEUROLING\u00dc\u00cdSTICA Haciendo un apretado resumen de toda la literatura existente acerca de lo que es la Programaci\u00f3n Neuroling\u00fc\u00edstica &#8211; conocida tambi\u00e9n como PNL-\u00a0 podemos decir que se trata de la forma en que a trav\u00e9s de las palabras se programa la mente de una persona.\u00a0 De aqu\u00ed nace toda la estructura de creencias limitantes &hellip; <a href=\"https:\/\/estrategiasdeautoproteccion.com\/index.php\/pnl\/\" class=\"more-link\">Continuar leyendo<span class=\"screen-reader-text\"> \u00abPnl\u00bb<\/span><\/a><\/p>\n","protected":false},"author":1,"featured_media":0,"parent":0,"menu_order":0,"comment_status":"closed","ping_status":"closed","template":"elementor_header_footer","meta":{"footnotes":""},"_links":{"self":[{"href":"https:\/\/estrategiasdeautoproteccion.com\/index.php\/wp-json\/wp\/v2\/pages\/368"}],"collection":[{"href":"https:\/\/estrategiasdeautoproteccion.com\/index.php\/wp-json\/wp\/v2\/pages"}],"about":[{"href":"https:\/\/estrategiasdeautoproteccion.com\/index.php\/wp-json\/wp\/v2\/types\/page"}],"author":[{"embeddable":true,"href":"https:\/\/estrategiasdeautoproteccion.com\/index.php\/wp-json\/wp\/v2\/users\/1"}],"replies":[{"embeddable":true,"href":"https:\/\/estrategiasdeautoproteccion.com\/index.php\/wp-json\/wp\/v2\/comments?post=368"}],"version-history":[{"count":9,"href":"https:\/\/estrategiasdeautoproteccion.com\/index.php\/wp-json\/wp\/v2\/pages\/368\/revisions"}],"predecessor-version":[{"id":2420,"href":"https:\/\/estrategiasdeautoproteccion.com\/index.php\/wp-json\/wp\/v2\/pages\/368\/revisions\/2420"}],"wp:attachment":[{"href":"https:\/\/estrategiasdeautoproteccion.com\/index.php\/wp-json\/wp\/v2\/media?parent=368"}],"curies":[{"name":"wp","href":"https:\/\/api.w.org\/{rel}","templated":true}]}}