{"id":5847,"date":"2025-06-20T17:48:23","date_gmt":"2025-06-20T22:48:23","guid":{"rendered":"https:\/\/estrategiasdeautoproteccion.com\/?page_id=5847"},"modified":"2025-07-28T13:32:58","modified_gmt":"2025-07-28T18:32:58","slug":"manejodearmas","status":"publish","type":"page","link":"https:\/\/estrategiasdeautoproteccion.com\/index.php\/manejodearmas\/","title":{"rendered":"manejo de armas"},"content":{"rendered":"\t\t<div data-elementor-type=\"wp-page\" data-elementor-id=\"5847\" class=\"elementor elementor-5847\">\n\t\t\t\t\t\t<section class=\"elementor-section elementor-top-section elementor-element elementor-element-42682c02 elementor-section-content-middle elementor-section-stretched elementor-section-boxed elementor-section-height-default elementor-section-height-default\" data-id=\"42682c02\" data-element_type=\"section\" data-e-type=\"section\" data-settings=\"{&quot;background_background&quot;:&quot;classic&quot;,&quot;stretch_section&quot;:&quot;section-stretched&quot;}\">\n\t\t\t\t\t\t<div class=\"elementor-container elementor-column-gap-no\">\n\t\t\t\t\t<div class=\"elementor-column elementor-col-100 elementor-top-column elementor-element elementor-element-460f6cad\" data-id=\"460f6cad\" data-element_type=\"column\" data-e-type=\"column\">\n\t\t\t<div class=\"elementor-widget-wrap elementor-element-populated\">\n\t\t\t\t\t\t<div class=\"elementor-element elementor-element-67c1cfc4 elementor-widget elementor-widget-heading\" data-id=\"67c1cfc4\" data-element_type=\"widget\" data-e-type=\"widget\" data-widget_type=\"heading.default\">\n\t\t\t\t<div class=\"elementor-widget-container\">\n\t\t\t\t\t<h3 class=\"elementor-heading-title elementor-size-default\">\u00a1Este es el momento en que m\u00e1s necesitas aprender a usar un arma de fuego!<\/h3>\t\t\t\t<\/div>\n\t\t\t\t<\/div>\n\t\t\t\t<div class=\"elementor-element elementor-element-d31d033 elementor-widget elementor-widget-image\" data-id=\"d31d033\" data-element_type=\"widget\" data-e-type=\"widget\" data-widget_type=\"image.default\">\n\t\t\t\t<div class=\"elementor-widget-container\">\n\t\t\t\t\t\t\t\t\t\t\t\t\t\t\t<img fetchpriority=\"high\" decoding=\"async\" width=\"840\" height=\"840\" src=\"https:\/\/estrategiasdeautoproteccion.com\/wp-content\/uploads\/2025\/06\/Copy-of-MANEJO-DE-ARMAS-DE-FUEGO-15-1024x1024.jpg\" class=\"attachment-large size-large wp-image-5849\" alt=\"\" srcset=\"https:\/\/estrategiasdeautoproteccion.com\/wp-content\/uploads\/2025\/06\/Copy-of-MANEJO-DE-ARMAS-DE-FUEGO-15-1024x1024.jpg 1024w, https:\/\/estrategiasdeautoproteccion.com\/wp-content\/uploads\/2025\/06\/Copy-of-MANEJO-DE-ARMAS-DE-FUEGO-15-300x300.jpg 300w, https:\/\/estrategiasdeautoproteccion.com\/wp-content\/uploads\/2025\/06\/Copy-of-MANEJO-DE-ARMAS-DE-FUEGO-15-150x150.jpg 150w, https:\/\/estrategiasdeautoproteccion.com\/wp-content\/uploads\/2025\/06\/Copy-of-MANEJO-DE-ARMAS-DE-FUEGO-15-768x768.jpg 768w, https:\/\/estrategiasdeautoproteccion.com\/wp-content\/uploads\/2025\/06\/Copy-of-MANEJO-DE-ARMAS-DE-FUEGO-15.jpg 1080w\" sizes=\"(max-width: 709px) 85vw, (max-width: 909px) 67vw, (max-width: 1362px) 62vw, 840px\" \/>\t\t\t\t\t\t\t\t\t\t\t\t\t\t\t<\/div>\n\t\t\t\t<\/div>\n\t\t\t\t<div class=\"elementor-element elementor-element-59648f59 elementor-widget elementor-widget-text-editor\" data-id=\"59648f59\" data-element_type=\"widget\" data-e-type=\"widget\" data-widget_type=\"text-editor.default\">\n\t\t\t\t<div class=\"elementor-widget-container\">\n\t\t\t\t\t\t\t\t\t<p style=\"text-align: center;\"><strong><span style=\"color: #000000;\">La inseguridad en el pa\u00eds este momento es cr\u00edtica. <\/span><\/strong><\/p><p style=\"text-align: center;\"><strong><span style=\"color: #000000;\">Saber c\u00f3mo usar un arma de fuego de manera legal, t\u00e9cnica y estrat\u00e9gica, es la diferencia entre la vida y la muerte. <\/span><\/strong><\/p><p style=\"text-align: center;\"><strong><span style=\"color: #000000;\">Nadie puede salvarte si est\u00e1s en peligro, aprende a hacerlo por tus propios medios.<\/span><\/strong><\/p>\t\t\t\t\t\t\t\t<\/div>\n\t\t\t\t<\/div>\n\t\t\t\t<div class=\"elementor-element elementor-element-63d4dd2 elementor-widget elementor-widget-image\" data-id=\"63d4dd2\" data-element_type=\"widget\" data-e-type=\"widget\" data-widget_type=\"image.default\">\n\t\t\t\t<div class=\"elementor-widget-container\">\n\t\t\t\t\t\t\t\t\t\t\t\t\t\t\t<img decoding=\"async\" width=\"840\" height=\"840\" src=\"https:\/\/estrategiasdeautoproteccion.com\/wp-content\/uploads\/2025\/07\/Copy-of-MANEJO-DE-ARMAS-DE-FUEGO-7-1024x1024.jpg\" class=\"attachment-large size-large wp-image-5958\" alt=\"\" srcset=\"https:\/\/estrategiasdeautoproteccion.com\/wp-content\/uploads\/2025\/07\/Copy-of-MANEJO-DE-ARMAS-DE-FUEGO-7-1024x1024.jpg 1024w, https:\/\/estrategiasdeautoproteccion.com\/wp-content\/uploads\/2025\/07\/Copy-of-MANEJO-DE-ARMAS-DE-FUEGO-7-300x300.jpg 300w, https:\/\/estrategiasdeautoproteccion.com\/wp-content\/uploads\/2025\/07\/Copy-of-MANEJO-DE-ARMAS-DE-FUEGO-7-150x150.jpg 150w, https:\/\/estrategiasdeautoproteccion.com\/wp-content\/uploads\/2025\/07\/Copy-of-MANEJO-DE-ARMAS-DE-FUEGO-7-768x768.jpg 768w, https:\/\/estrategiasdeautoproteccion.com\/wp-content\/uploads\/2025\/07\/Copy-of-MANEJO-DE-ARMAS-DE-FUEGO-7.jpg 1080w\" sizes=\"(max-width: 709px) 85vw, (max-width: 909px) 67vw, (max-width: 1362px) 62vw, 840px\" \/>\t\t\t\t\t\t\t\t\t\t\t\t\t\t\t<\/div>\n\t\t\t\t<\/div>\n\t\t\t\t<div class=\"elementor-element elementor-element-4cc88e6 elementor-widget elementor-widget-heading\" data-id=\"4cc88e6\" data-element_type=\"widget\" data-e-type=\"widget\" data-widget_type=\"heading.default\">\n\t\t\t\t<div class=\"elementor-widget-container\">\n\t\t\t\t\t<h2 class=\"elementor-heading-title elementor-size-default\">\u00a1CERTIFICADO DE PARTICIPACI\u00d3N AVALADO POR EL MINISTERIO DEL DEPORTE <br>Y EL MINISTERIO DE EDUCACI\u00d3N!<\/h2>\t\t\t\t<\/div>\n\t\t\t\t<\/div>\n\t\t\t\t<div class=\"elementor-element elementor-element-8bf15f6 elementor-widget elementor-widget-spacer\" data-id=\"8bf15f6\" data-element_type=\"widget\" data-e-type=\"widget\" data-widget_type=\"spacer.default\">\n\t\t\t\t<div class=\"elementor-widget-container\">\n\t\t\t\t\t\t\t<div class=\"elementor-spacer\">\n\t\t\t<div class=\"elementor-spacer-inner\"><\/div>\n\t\t<\/div>\n\t\t\t\t\t\t<\/div>\n\t\t\t\t<\/div>\n\t\t\t\t<div class=\"elementor-element elementor-element-3774857f elementor-widget elementor-widget-text-editor\" data-id=\"3774857f\" data-element_type=\"widget\" data-e-type=\"widget\" data-widget_type=\"text-editor.default\">\n\t\t\t\t<div class=\"elementor-widget-container\">\n\t\t\t\t\t\t\t\t\t<p><span style=\"color: #000000;\"><img decoding=\"async\" class=\"emoji\" role=\"img\" draggable=\"false\" src=\"https:\/\/s.w.org\/images\/core\/emoji\/15.0.3\/svg\/23f0.svg\" alt=\"\u23f0\" \/> <strong>Duraci\u00f3n:<\/strong> 5 horas (un solo d\u00eda).<\/span><br \/><span style=\"color: #000000;\"><img decoding=\"async\" class=\"emoji\" role=\"img\" draggable=\"false\" src=\"https:\/\/s.w.org\/images\/core\/emoji\/15.0.3\/svg\/1f1ea-1f1e8.svg\" alt=\"\ud83c\uddea\ud83c\udde8\" \/> <strong>Ciudad:<\/strong> Quito &#8211; Ecuador.<\/span><\/p><p><img decoding=\"async\" class=\"emoji\" style=\"color: #000000; font-family: var( --e-global-typography-text-font-family ), Sans-serif; background-color: #ffffff;\" role=\"img\" draggable=\"false\" src=\"https:\/\/s.w.org\/images\/core\/emoji\/15.0.3\/svg\/1f3c6.svg\" alt=\"\ud83c\udfc6\" \/> <strong style=\"color: #000000; font-family: var( --e-global-typography-text-font-family ), Sans-serif;\">Incluye: <\/strong><span style=\"color: #000000; font-family: var( --e-global-typography-text-font-family ), Sans-serif;\">arma, munici\u00f3n, implementos de entrenamiento, entre otros materiales exclusivos de nuestro centro de capacitaci\u00f3n.<\/span><\/p>\t\t\t\t\t\t\t\t<\/div>\n\t\t\t\t<\/div>\n\t\t\t\t<div class=\"elementor-element elementor-element-2ff379df elementor-widget elementor-widget-text-editor\" data-id=\"2ff379df\" data-element_type=\"widget\" data-e-type=\"widget\" data-widget_type=\"text-editor.default\">\n\t\t\t\t<div class=\"elementor-widget-container\">\n\t\t\t\t\t\t\t\t\t<p style=\"text-align: center;\"><strong><span style=\"color: #000000;\">REQUISITOS:<\/span><\/strong><\/p>\n<p><span style=\"color: #000000;\"><img decoding=\"async\" class=\"emoji\" role=\"img\" draggable=\"false\" src=\"https:\/\/s.w.org\/images\/core\/emoji\/15.0.3\/svg\/2705.svg\" alt=\"\u2705\"> Ser mayor de edad.<\/span><br><span style=\"color: #000000;\"><img decoding=\"async\" class=\"emoji\" role=\"img\" draggable=\"false\" src=\"https:\/\/s.w.org\/images\/core\/emoji\/15.0.3\/svg\/2705.svg\" alt=\"\u2705\"> No tener antecedentes penales.<\/span><br><span style=\"color: #000000;\"><img decoding=\"async\" class=\"emoji\" role=\"img\" draggable=\"false\" src=\"https:\/\/s.w.org\/images\/core\/emoji\/15.0.3\/svg\/2705.svg\" alt=\"\u2705\"> Predisposici\u00f3n para aprender, no requieres tener conocimientos previos. Empezamos desde cero.<\/span><br><span style=\"color: #000000;\"><img decoding=\"async\" class=\"emoji\" role=\"img\" draggable=\"false\" src=\"https:\/\/s.w.org\/images\/core\/emoji\/15.0.3\/svg\/2705.svg\" alt=\"\u2705\"> Saber seguir instrucciones.<\/span><br><span style=\"color: #000000;\"><img decoding=\"async\" class=\"emoji\" role=\"img\" draggable=\"false\" src=\"https:\/\/s.w.org\/images\/core\/emoji\/15.0.3\/svg\/2705.svg\" alt=\"\u2705\"> Excelente actitud para entrenar bajo estr\u00e9s, salir de tu zona de confort y tener ganas de enfrentar nuevos retos.<\/span><\/p>\n<p><span style=\"color: #000000;\"><img decoding=\"async\" class=\"emoji\" role=\"img\" draggable=\"false\" src=\"https:\/\/s.w.org\/images\/core\/emoji\/15.0.3\/svg\/2705.svg\" alt=\"\u2705\"> Apto para hombres y mujeres.<\/span><\/p>\t\t\t\t\t\t\t\t<\/div>\n\t\t\t\t<\/div>\n\t\t\t\t<div class=\"elementor-element elementor-element-3ae68b51 elementor-widget elementor-widget-text-editor\" data-id=\"3ae68b51\" data-element_type=\"widget\" data-e-type=\"widget\" data-widget_type=\"text-editor.default\">\n\t\t\t\t<div class=\"elementor-widget-container\">\n\t\t\t\t\t\t\t\t\t<p style=\"text-align: center;\"><strong><span style=\"color: #000000;\">IMPORTANTE:<\/span><\/strong><\/p><p><span style=\"color: #000000;\"><img decoding=\"async\" class=\"emoji\" role=\"img\" draggable=\"false\" src=\"https:\/\/s.w.org\/images\/core\/emoji\/15.0.3\/svg\/2705.svg\" alt=\"\u2705\" \/> Si requieres m\u00e1s detalles sobre el curso como fechas disponibles, hora y la forma en que que puedes inscribirte dale clic en el siguiente bot\u00f3n.<\/span><\/p>\t\t\t\t\t\t\t\t<\/div>\n\t\t\t\t<\/div>\n\t\t\t\t<div class=\"elementor-element elementor-element-293bc337 elementor-align-center elementor-widget elementor-widget-button\" data-id=\"293bc337\" data-element_type=\"widget\" data-e-type=\"widget\" data-widget_type=\"button.default\">\n\t\t\t\t<div class=\"elementor-widget-container\">\n\t\t\t\t\t\t\t\t\t<div class=\"elementor-button-wrapper\">\n\t\t\t\t\t<a class=\"elementor-button elementor-button-link elementor-size-sm elementor-animation-wobble-horizontal\" href=\"https:\/\/wa.link\/vd8zrx\" target=\"_blank\">\n\t\t\t\t\t\t<span class=\"elementor-button-content-wrapper\">\n\t\t\t\t\t\t<span class=\"elementor-button-icon\">\n\t\t\t\t<i aria-hidden=\"true\" class=\"fas fa-check-circle\"><\/i>\t\t\t<\/span>\n\t\t\t\t\t\t\t\t\t<span class=\"elementor-button-text\">INSCR\u00cdBETE AQU\u00cd<\/span>\n\t\t\t\t\t<\/span>\n\t\t\t\t\t<\/a>\n\t\t\t\t<\/div>\n\t\t\t\t\t\t\t\t<\/div>\n\t\t\t\t<\/div>\n\t\t\t\t<div class=\"elementor-element elementor-element-9d42377 elementor-widget elementor-widget-spacer\" data-id=\"9d42377\" data-element_type=\"widget\" data-e-type=\"widget\" data-widget_type=\"spacer.default\">\n\t\t\t\t<div class=\"elementor-widget-container\">\n\t\t\t\t\t\t\t<div class=\"elementor-spacer\">\n\t\t\t<div class=\"elementor-spacer-inner\"><\/div>\n\t\t<\/div>\n\t\t\t\t\t\t<\/div>\n\t\t\t\t<\/div>\n\t\t\t\t\t<\/div>\n\t\t<\/div>\n\t\t\t\t\t<\/div>\n\t\t<\/section>\n\t\t\t\t<section class=\"elementor-section elementor-top-section elementor-element elementor-element-78f5194 elementor-section-boxed elementor-section-height-default elementor-section-height-default\" data-id=\"78f5194\" data-element_type=\"section\" data-e-type=\"section\">\n\t\t\t\t\t\t<div class=\"elementor-container elementor-column-gap-default\">\n\t\t\t\t\t<div class=\"elementor-column elementor-col-33 elementor-top-column elementor-element elementor-element-e73b26b\" data-id=\"e73b26b\" data-element_type=\"column\" data-e-type=\"column\">\n\t\t\t<div class=\"elementor-widget-wrap elementor-element-populated\">\n\t\t\t\t\t\t<div class=\"elementor-element elementor-element-4cb2bcf elementor-widget elementor-widget-image\" data-id=\"4cb2bcf\" data-element_type=\"widget\" data-e-type=\"widget\" data-widget_type=\"image.default\">\n\t\t\t\t<div class=\"elementor-widget-container\">\n\t\t\t\t\t\t\t\t\t\t\t\t\t\t\t<img decoding=\"async\" width=\"768\" height=\"1024\" src=\"https:\/\/estrategiasdeautoproteccion.com\/wp-content\/uploads\/2025\/07\/WhatsApp-Image-2024-07-19-at-12.31.47-768x1024.jpeg\" class=\"attachment-large size-large wp-image-5901\" alt=\"\" srcset=\"https:\/\/estrategiasdeautoproteccion.com\/wp-content\/uploads\/2025\/07\/WhatsApp-Image-2024-07-19-at-12.31.47-768x1024.jpeg 768w, https:\/\/estrategiasdeautoproteccion.com\/wp-content\/uploads\/2025\/07\/WhatsApp-Image-2024-07-19-at-12.31.47-225x300.jpeg 225w, https:\/\/estrategiasdeautoproteccion.com\/wp-content\/uploads\/2025\/07\/WhatsApp-Image-2024-07-19-at-12.31.47-1152x1536.jpeg 1152w, https:\/\/estrategiasdeautoproteccion.com\/wp-content\/uploads\/2025\/07\/WhatsApp-Image-2024-07-19-at-12.31.47.jpeg 1200w\" sizes=\"(max-width: 768px) 85vw, 768px\" \/>\t\t\t\t\t\t\t\t\t\t\t\t\t\t\t<\/div>\n\t\t\t\t<\/div>\n\t\t\t\t\t<\/div>\n\t\t<\/div>\n\t\t\t\t<div class=\"elementor-column elementor-col-33 elementor-top-column elementor-element elementor-element-52f8a23\" data-id=\"52f8a23\" data-element_type=\"column\" data-e-type=\"column\">\n\t\t\t<div class=\"elementor-widget-wrap elementor-element-populated\">\n\t\t\t\t\t\t<div class=\"elementor-element elementor-element-ceeace0 elementor-widget elementor-widget-image\" data-id=\"ceeace0\" data-element_type=\"widget\" data-e-type=\"widget\" data-widget_type=\"image.default\">\n\t\t\t\t<div class=\"elementor-widget-container\">\n\t\t\t\t\t\t\t\t\t\t\t\t\t\t\t<img loading=\"lazy\" decoding=\"async\" width=\"760\" height=\"468\" src=\"https:\/\/estrategiasdeautoproteccion.com\/wp-content\/uploads\/2025\/07\/WhatsApp-Image-2024-07-19-at-12.57.10-1.jpeg\" class=\"attachment-large size-large wp-image-5899\" alt=\"\" srcset=\"https:\/\/estrategiasdeautoproteccion.com\/wp-content\/uploads\/2025\/07\/WhatsApp-Image-2024-07-19-at-12.57.10-1.jpeg 760w, https:\/\/estrategiasdeautoproteccion.com\/wp-content\/uploads\/2025\/07\/WhatsApp-Image-2024-07-19-at-12.57.10-1-300x185.jpeg 300w\" sizes=\"(max-width: 760px) 85vw, 760px\" \/>\t\t\t\t\t\t\t\t\t\t\t\t\t\t\t<\/div>\n\t\t\t\t<\/div>\n\t\t\t\t\t<\/div>\n\t\t<\/div>\n\t\t\t\t<div class=\"elementor-column elementor-col-33 elementor-top-column elementor-element elementor-element-6a1b785\" data-id=\"6a1b785\" data-element_type=\"column\" data-e-type=\"column\">\n\t\t\t<div class=\"elementor-widget-wrap elementor-element-populated\">\n\t\t\t\t\t\t<div class=\"elementor-element elementor-element-5817085 elementor-widget elementor-widget-image\" data-id=\"5817085\" data-element_type=\"widget\" data-e-type=\"widget\" data-widget_type=\"image.default\">\n\t\t\t\t<div class=\"elementor-widget-container\">\n\t\t\t\t\t\t\t\t\t\t\t\t\t\t\t<img loading=\"lazy\" decoding=\"async\" width=\"840\" height=\"441\" src=\"https:\/\/estrategiasdeautoproteccion.com\/wp-content\/uploads\/2025\/07\/WhatsApp-Image-2024-07-19-at-12.57.09-1024x538.jpeg\" class=\"attachment-large size-large wp-image-5898\" alt=\"\" srcset=\"https:\/\/estrategiasdeautoproteccion.com\/wp-content\/uploads\/2025\/07\/WhatsApp-Image-2024-07-19-at-12.57.09-1024x538.jpeg 1024w, https:\/\/estrategiasdeautoproteccion.com\/wp-content\/uploads\/2025\/07\/WhatsApp-Image-2024-07-19-at-12.57.09-300x158.jpeg 300w, https:\/\/estrategiasdeautoproteccion.com\/wp-content\/uploads\/2025\/07\/WhatsApp-Image-2024-07-19-at-12.57.09-768x403.jpeg 768w, https:\/\/estrategiasdeautoproteccion.com\/wp-content\/uploads\/2025\/07\/WhatsApp-Image-2024-07-19-at-12.57.09.jpeg 1074w\" sizes=\"(max-width: 709px) 85vw, (max-width: 909px) 67vw, (max-width: 1362px) 62vw, 840px\" \/>\t\t\t\t\t\t\t\t\t\t\t\t\t\t\t<\/div>\n\t\t\t\t<\/div>\n\t\t\t\t\t<\/div>\n\t\t<\/div>\n\t\t\t\t\t<\/div>\n\t\t<\/section>\n\t\t\t\t<section class=\"elementor-section elementor-top-section elementor-element elementor-element-e13e021 elementor-section-boxed elementor-section-height-default elementor-section-height-default\" data-id=\"e13e021\" data-element_type=\"section\" data-e-type=\"section\">\n\t\t\t\t\t\t<div class=\"elementor-container elementor-column-gap-default\">\n\t\t\t\t\t<div class=\"elementor-column elementor-col-100 elementor-top-column elementor-element elementor-element-f0e58a7\" data-id=\"f0e58a7\" data-element_type=\"column\" data-e-type=\"column\">\n\t\t\t<div class=\"elementor-widget-wrap\">\n\t\t\t\t\t\t\t<\/div>\n\t\t<\/div>\n\t\t\t\t\t<\/div>\n\t\t<\/section>\n\t\t\t\t<\/div>\n\t\t","protected":false},"excerpt":{"rendered":"<p>\u00a1Este es el momento en que m\u00e1s necesitas aprender a usar un arma de fuego! La inseguridad en el pa\u00eds este momento es cr\u00edtica. Saber c\u00f3mo usar un arma de fuego de manera legal, t\u00e9cnica y estrat\u00e9gica, es la diferencia entre la vida y la muerte. Nadie puede salvarte si est\u00e1s en peligro, aprende a &hellip; <a href=\"https:\/\/estrategiasdeautoproteccion.com\/index.php\/manejodearmas\/\" class=\"more-link\">Continuar leyendo<span class=\"screen-reader-text\"> \u00abmanejo de armas\u00bb<\/span><\/a><\/p>\n","protected":false},"author":1,"featured_media":0,"parent":0,"menu_order":0,"comment_status":"closed","ping_status":"closed","template":"elementor_header_footer","meta":{"footnotes":""},"_links":{"self":[{"href":"https:\/\/estrategiasdeautoproteccion.com\/index.php\/wp-json\/wp\/v2\/pages\/5847"}],"collection":[{"href":"https:\/\/estrategiasdeautoproteccion.com\/index.php\/wp-json\/wp\/v2\/pages"}],"about":[{"href":"https:\/\/estrategiasdeautoproteccion.com\/index.php\/wp-json\/wp\/v2\/types\/page"}],"author":[{"embeddable":true,"href":"https:\/\/estrategiasdeautoproteccion.com\/index.php\/wp-json\/wp\/v2\/users\/1"}],"replies":[{"embeddable":true,"href":"https:\/\/estrategiasdeautoproteccion.com\/index.php\/wp-json\/wp\/v2\/comments?post=5847"}],"version-history":[{"count":17,"href":"https:\/\/estrategiasdeautoproteccion.com\/index.php\/wp-json\/wp\/v2\/pages\/5847\/revisions"}],"predecessor-version":[{"id":5961,"href":"https:\/\/estrategiasdeautoproteccion.com\/index.php\/wp-json\/wp\/v2\/pages\/5847\/revisions\/5961"}],"wp:attachment":[{"href":"https:\/\/estrategiasdeautoproteccion.com\/index.php\/wp-json\/wp\/v2\/media?parent=5847"}],"curies":[{"name":"wp","href":"https:\/\/api.w.org\/{rel}","templated":true}]}}