{"id":5888,"date":"2025-07-15T15:56:50","date_gmt":"2025-07-15T20:56:50","guid":{"rendered":"https:\/\/estrategiasdeautoproteccion.com\/?page_id=5888"},"modified":"2025-08-29T19:31:59","modified_gmt":"2025-08-30T00:31:59","slug":"cursos-especiales-de-armas","status":"publish","type":"page","link":"https:\/\/estrategiasdeautoproteccion.com\/index.php\/cursos-especiales-de-armas\/","title":{"rendered":"cursos especiales de armas"},"content":{"rendered":"\t\t<div data-elementor-type=\"wp-page\" data-elementor-id=\"5888\" class=\"elementor elementor-5888\">\n\t\t\t\t\t\t<section class=\"elementor-section elementor-top-section elementor-element elementor-element-44b0d08 elementor-section-full_width elementor-section-stretched elementor-section-height-default elementor-section-height-default\" data-id=\"44b0d08\" data-element_type=\"section\" data-e-type=\"section\" data-settings=\"{&quot;stretch_section&quot;:&quot;section-stretched&quot;}\">\n\t\t\t\t\t\t<div class=\"elementor-container elementor-column-gap-default\">\n\t\t\t\t\t<div class=\"elementor-column elementor-col-100 elementor-top-column elementor-element elementor-element-198fe4f\" data-id=\"198fe4f\" data-element_type=\"column\" data-e-type=\"column\">\n\t\t\t<div class=\"elementor-widget-wrap\">\n\t\t\t\t\t\t\t<\/div>\n\t\t<\/div>\n\t\t\t\t\t<\/div>\n\t\t<\/section>\n\t\t\t\t<section class=\"elementor-section elementor-top-section elementor-element elementor-element-7ec51a71 elementor-section-content-middle elementor-section-stretched elementor-section-boxed elementor-section-height-default elementor-section-height-default\" data-id=\"7ec51a71\" data-element_type=\"section\" data-e-type=\"section\" data-settings=\"{&quot;background_background&quot;:&quot;classic&quot;,&quot;stretch_section&quot;:&quot;section-stretched&quot;}\">\n\t\t\t\t\t\t<div class=\"elementor-container elementor-column-gap-no\">\n\t\t\t\t\t<div class=\"elementor-column elementor-col-100 elementor-top-column elementor-element elementor-element-6bb0ff26\" data-id=\"6bb0ff26\" data-element_type=\"column\" data-e-type=\"column\">\n\t\t\t<div class=\"elementor-widget-wrap elementor-element-populated\">\n\t\t\t\t\t\t<div class=\"elementor-element elementor-element-2b34a117 elementor-widget elementor-widget-heading\" data-id=\"2b34a117\" data-element_type=\"widget\" data-e-type=\"widget\" data-widget_type=\"heading.default\">\n\t\t\t\t<div class=\"elementor-widget-container\">\n\t\t\t\t\t<h3 class=\"elementor-heading-title elementor-size-default\">\u00bfQU\u00c9 TIPO DE CURSO DE MANEJO DE ARMAS NECESITAS?<\/h3>\t\t\t\t<\/div>\n\t\t\t\t<\/div>\n\t\t\t\t<div class=\"elementor-element elementor-element-12e209c elementor-widget elementor-widget-image\" data-id=\"12e209c\" data-element_type=\"widget\" data-e-type=\"widget\" data-widget_type=\"image.default\">\n\t\t\t\t<div class=\"elementor-widget-container\">\n\t\t\t\t\t\t\t\t\t\t\t\t\t\t\t<img fetchpriority=\"high\" decoding=\"async\" width=\"840\" height=\"840\" src=\"https:\/\/estrategiasdeautoproteccion.com\/wp-content\/uploads\/2025\/06\/Copy-of-MANEJO-DE-ARMAS-DE-FUEGO-15-1024x1024.jpg\" class=\"attachment-large size-large wp-image-5849\" alt=\"\" srcset=\"https:\/\/estrategiasdeautoproteccion.com\/wp-content\/uploads\/2025\/06\/Copy-of-MANEJO-DE-ARMAS-DE-FUEGO-15-1024x1024.jpg 1024w, https:\/\/estrategiasdeautoproteccion.com\/wp-content\/uploads\/2025\/06\/Copy-of-MANEJO-DE-ARMAS-DE-FUEGO-15-300x300.jpg 300w, https:\/\/estrategiasdeautoproteccion.com\/wp-content\/uploads\/2025\/06\/Copy-of-MANEJO-DE-ARMAS-DE-FUEGO-15-150x150.jpg 150w, https:\/\/estrategiasdeautoproteccion.com\/wp-content\/uploads\/2025\/06\/Copy-of-MANEJO-DE-ARMAS-DE-FUEGO-15-768x768.jpg 768w, https:\/\/estrategiasdeautoproteccion.com\/wp-content\/uploads\/2025\/06\/Copy-of-MANEJO-DE-ARMAS-DE-FUEGO-15.jpg 1080w\" sizes=\"(max-width: 709px) 85vw, (max-width: 909px) 67vw, (max-width: 1362px) 62vw, 840px\" \/>\t\t\t\t\t\t\t\t\t\t\t\t\t\t\t<\/div>\n\t\t\t\t<\/div>\n\t\t\t\t<div class=\"elementor-element elementor-element-276180ba elementor-widget elementor-widget-text-editor\" data-id=\"276180ba\" data-element_type=\"widget\" data-e-type=\"widget\" data-widget_type=\"text-editor.default\">\n\t\t\t\t<div class=\"elementor-widget-container\">\n\t\t\t\t\t\t\t\t\t<p style=\"text-align: center;\"><span style=\"color: #000000;\">CURSO B\u00c1SICO NIVEL 1 PARA DESARROLLO DE HABILIDADES, NO REQUIERES EXPERIENCIA PREVIA, APTO PARA CUALQUIER PERSONA MAYOR DE EDAD. CERTIFICADO AVALADO POR EL MINISTERIO DEL DEPORTE Y EL MINISTERIO DE EDUCACI\u00d3N.<\/span><\/p>\t\t\t\t\t\t\t\t<\/div>\n\t\t\t\t<\/div>\n\t\t\t\t<div class=\"elementor-element elementor-element-5c50e84 elementor-mobile-align-center elementor-align-center elementor-widget elementor-widget-button\" data-id=\"5c50e84\" data-element_type=\"widget\" data-e-type=\"widget\" data-widget_type=\"button.default\">\n\t\t\t\t<div class=\"elementor-widget-container\">\n\t\t\t\t\t\t\t\t\t<div class=\"elementor-button-wrapper\">\n\t\t\t\t\t<a class=\"elementor-button elementor-button-link elementor-size-sm\" href=\"https:\/\/estrategiasdeautoproteccion.com\/index.php\/manejodearmas\/\" target=\"_blank\">\n\t\t\t\t\t\t<span class=\"elementor-button-content-wrapper\">\n\t\t\t\t\t\t\t\t\t<span class=\"elementor-button-text\">M\u00c1S INFORMACI\u00d3N<\/span>\n\t\t\t\t\t<\/span>\n\t\t\t\t\t<\/a>\n\t\t\t\t<\/div>\n\t\t\t\t\t\t\t\t<\/div>\n\t\t\t\t<\/div>\n\t\t\t\t<div class=\"elementor-element elementor-element-be1e3aa elementor-widget-divider--view-line elementor-widget elementor-widget-divider\" data-id=\"be1e3aa\" data-element_type=\"widget\" data-e-type=\"widget\" data-widget_type=\"divider.default\">\n\t\t\t\t<div class=\"elementor-widget-container\">\n\t\t\t\t\t\t\t<div class=\"elementor-divider\">\n\t\t\t<span class=\"elementor-divider-separator\">\n\t\t\t\t\t\t<\/span>\n\t\t<\/div>\n\t\t\t\t\t\t<\/div>\n\t\t\t\t<\/div>\n\t\t\t\t<div class=\"elementor-element elementor-element-eb653ee elementor-widget elementor-widget-image\" data-id=\"eb653ee\" data-element_type=\"widget\" data-e-type=\"widget\" data-widget_type=\"image.default\">\n\t\t\t\t<div class=\"elementor-widget-container\">\n\t\t\t\t\t\t\t\t\t\t\t\t\t\t\t<img decoding=\"async\" width=\"840\" height=\"840\" src=\"https:\/\/estrategiasdeautoproteccion.com\/wp-content\/uploads\/2024\/09\/MANEJO-DE-ARMAS-DE-FUEGO-10-1024x1024.jpg\" class=\"attachment-large size-large wp-image-5455\" alt=\"\" srcset=\"https:\/\/estrategiasdeautoproteccion.com\/wp-content\/uploads\/2024\/09\/MANEJO-DE-ARMAS-DE-FUEGO-10-1024x1024.jpg 1024w, https:\/\/estrategiasdeautoproteccion.com\/wp-content\/uploads\/2024\/09\/MANEJO-DE-ARMAS-DE-FUEGO-10-300x300.jpg 300w, https:\/\/estrategiasdeautoproteccion.com\/wp-content\/uploads\/2024\/09\/MANEJO-DE-ARMAS-DE-FUEGO-10-150x150.jpg 150w, https:\/\/estrategiasdeautoproteccion.com\/wp-content\/uploads\/2024\/09\/MANEJO-DE-ARMAS-DE-FUEGO-10-768x768.jpg 768w, https:\/\/estrategiasdeautoproteccion.com\/wp-content\/uploads\/2024\/09\/MANEJO-DE-ARMAS-DE-FUEGO-10.jpg 1080w\" sizes=\"(max-width: 709px) 85vw, (max-width: 909px) 67vw, (max-width: 1362px) 62vw, 840px\" \/>\t\t\t\t\t\t\t\t\t\t\t\t\t\t\t<\/div>\n\t\t\t\t<\/div>\n\t\t\t\t<div class=\"elementor-element elementor-element-845f14d elementor-widget elementor-widget-text-editor\" data-id=\"845f14d\" data-element_type=\"widget\" data-e-type=\"widget\" data-widget_type=\"text-editor.default\">\n\t\t\t\t<div class=\"elementor-widget-container\">\n\t\t\t\t\t\t\t\t\t<p style=\"text-align: center;\"><span style=\"color: #000000;\">CURSO INDISPENSABLE PARA EL TR\u00c1MITE DE PERMISOS DE TENENCIA O DE PORTE DE ARMAS DE FUEGO. APTO PARA CUALQUIER PERSONA A PARTIR DE LOS 25 A\u00d1OS DE EDAD. CERTIFICADO AVALADO POR EL MINISTERIO DEL INTERIOR.<\/span><\/p>\t\t\t\t\t\t\t\t<\/div>\n\t\t\t\t<\/div>\n\t\t\t\t<div class=\"elementor-element elementor-element-b415997 elementor-mobile-align-center elementor-align-center elementor-widget elementor-widget-button\" data-id=\"b415997\" data-element_type=\"widget\" data-e-type=\"widget\" data-widget_type=\"button.default\">\n\t\t\t\t<div class=\"elementor-widget-container\">\n\t\t\t\t\t\t\t\t\t<div class=\"elementor-button-wrapper\">\n\t\t\t\t\t<a class=\"elementor-button elementor-button-link elementor-size-sm\" href=\"https:\/\/estrategiasdeautoproteccion.com\/index.php\/curso-de-destrezas\/\" target=\"_blank\">\n\t\t\t\t\t\t<span class=\"elementor-button-content-wrapper\">\n\t\t\t\t\t\t\t\t\t<span class=\"elementor-button-text\">M\u00c1S INFORMACI\u00d3N<\/span>\n\t\t\t\t\t<\/span>\n\t\t\t\t\t<\/a>\n\t\t\t\t<\/div>\n\t\t\t\t\t\t\t\t<\/div>\n\t\t\t\t<\/div>\n\t\t\t\t<div class=\"elementor-element elementor-element-58e77e9 elementor-widget-divider--view-line elementor-widget elementor-widget-divider\" data-id=\"58e77e9\" data-element_type=\"widget\" data-e-type=\"widget\" data-widget_type=\"divider.default\">\n\t\t\t\t<div class=\"elementor-widget-container\">\n\t\t\t\t\t\t\t<div class=\"elementor-divider\">\n\t\t\t<span class=\"elementor-divider-separator\">\n\t\t\t\t\t\t<\/span>\n\t\t<\/div>\n\t\t\t\t\t\t<\/div>\n\t\t\t\t<\/div>\n\t\t\t\t<div class=\"elementor-element elementor-element-9f67d5f elementor-widget elementor-widget-image\" data-id=\"9f67d5f\" data-element_type=\"widget\" data-e-type=\"widget\" data-widget_type=\"image.default\">\n\t\t\t\t<div class=\"elementor-widget-container\">\n\t\t\t\t\t\t\t\t\t\t\t\t\t\t\t<img decoding=\"async\" width=\"840\" height=\"840\" src=\"https:\/\/estrategiasdeautoproteccion.com\/wp-content\/uploads\/2025\/08\/premium-car-wash-services-1-1024x1024.jpg\" class=\"attachment-large size-large wp-image-5973\" alt=\"\" srcset=\"https:\/\/estrategiasdeautoproteccion.com\/wp-content\/uploads\/2025\/08\/premium-car-wash-services-1-1024x1024.jpg 1024w, https:\/\/estrategiasdeautoproteccion.com\/wp-content\/uploads\/2025\/08\/premium-car-wash-services-1-300x300.jpg 300w, https:\/\/estrategiasdeautoproteccion.com\/wp-content\/uploads\/2025\/08\/premium-car-wash-services-1-150x150.jpg 150w, https:\/\/estrategiasdeautoproteccion.com\/wp-content\/uploads\/2025\/08\/premium-car-wash-services-1-768x768.jpg 768w, https:\/\/estrategiasdeautoproteccion.com\/wp-content\/uploads\/2025\/08\/premium-car-wash-services-1.jpg 1080w\" sizes=\"(max-width: 709px) 85vw, (max-width: 909px) 67vw, (max-width: 1362px) 62vw, 840px\" \/>\t\t\t\t\t\t\t\t\t\t\t\t\t\t\t<\/div>\n\t\t\t\t<\/div>\n\t\t\t\t<div class=\"elementor-element elementor-element-89d8ba4 elementor-widget elementor-widget-text-editor\" data-id=\"89d8ba4\" data-element_type=\"widget\" data-e-type=\"widget\" data-widget_type=\"text-editor.default\">\n\t\t\t\t<div class=\"elementor-widget-container\">\n\t\t\t\t\t\t\t\t\t<p style=\"text-align: center;\"><span style=\"color: #000000;\">PARA ACCEDER A ESTOS CURSOS AVANZADOS ES OBLIGATORIO HABER APROBADO EL NIVEL 1<\/span><\/p>\t\t\t\t\t\t\t\t<\/div>\n\t\t\t\t<\/div>\n\t\t\t\t<div class=\"elementor-element elementor-element-994701e elementor-widget-divider--view-line elementor-widget elementor-widget-divider\" data-id=\"994701e\" data-element_type=\"widget\" data-e-type=\"widget\" data-widget_type=\"divider.default\">\n\t\t\t\t<div class=\"elementor-widget-container\">\n\t\t\t\t\t\t\t<div class=\"elementor-divider\">\n\t\t\t<span class=\"elementor-divider-separator\">\n\t\t\t\t\t\t<\/span>\n\t\t<\/div>\n\t\t\t\t\t\t<\/div>\n\t\t\t\t<\/div>\n\t\t\t\t\t<\/div>\n\t\t<\/div>\n\t\t\t\t\t<\/div>\n\t\t<\/section>\n\t\t\t\t<section class=\"elementor-section elementor-top-section elementor-element elementor-element-4f77ae99 elementor-section-content-middle elementor-section-stretched elementor-section-boxed elementor-section-height-default elementor-section-height-default\" data-id=\"4f77ae99\" data-element_type=\"section\" data-e-type=\"section\" data-settings=\"{&quot;background_background&quot;:&quot;classic&quot;,&quot;stretch_section&quot;:&quot;section-stretched&quot;}\">\n\t\t\t\t\t\t<div class=\"elementor-container elementor-column-gap-no\">\n\t\t\t\t\t<div class=\"elementor-column elementor-col-100 elementor-top-column elementor-element elementor-element-7bd9f531\" data-id=\"7bd9f531\" data-element_type=\"column\" data-e-type=\"column\">\n\t\t\t<div class=\"elementor-widget-wrap elementor-element-populated\">\n\t\t\t\t\t\t<div class=\"elementor-element elementor-element-244f8124 elementor-widget elementor-widget-video\" data-id=\"244f8124\" data-element_type=\"widget\" data-e-type=\"widget\" data-settings=\"{&quot;video_type&quot;:&quot;hosted&quot;,&quot;controls&quot;:&quot;yes&quot;}\" data-widget_type=\"video.default\">\n\t\t\t\t<div class=\"elementor-widget-container\">\n\t\t\t\t\t\t\t<div class=\"e-hosted-video elementor-wrapper elementor-open-inline\">\n\t\t\t\t\t<video class=\"elementor-video\" src=\"http:\/\/estrategiasdeautoproteccion.com\/wp-content\/uploads\/2025\/04\/WhatsApp-Video-2025-04-12-at-12.31.17.mp4\" controls=\"\" preload=\"metadata\" controlsList=\"nodownload\"><\/video>\n\t\t\t\t<\/div>\n\t\t\t\t\t\t<\/div>\n\t\t\t\t<\/div>\n\t\t\t\t<div class=\"elementor-element elementor-element-5a24caf7 elementor-widget elementor-widget-text-editor\" data-id=\"5a24caf7\" data-element_type=\"widget\" data-e-type=\"widget\" data-widget_type=\"text-editor.default\">\n\t\t\t\t<div class=\"elementor-widget-container\">\n\t\t\t\t\t\t\t\t\t<p style=\"text-align: center;\"><span style=\"color: #000000;\">CONOCE M\u00c1S SOBRE QUI\u00c9NES SOMOS EN NUESTRA P\u00c1GINA WEB<\/span><\/p>\t\t\t\t\t\t\t\t<\/div>\n\t\t\t\t<\/div>\n\t\t\t\t<div class=\"elementor-element elementor-element-1214ca75 elementor-widget elementor-widget-heading\" data-id=\"1214ca75\" data-element_type=\"widget\" data-e-type=\"widget\" data-widget_type=\"heading.default\">\n\t\t\t\t<div class=\"elementor-widget-container\">\n\t\t\t\t\t<h2 class=\"elementor-heading-title elementor-size-default\"><a href=\"https:\/\/estrategiasdeautoproteccion.com\/\" target=\"_blank\">www.estrategiasdeautoproteccion.com<\/a><\/h2>\t\t\t\t<\/div>\n\t\t\t\t<\/div>\n\t\t\t\t<div class=\"elementor-element elementor-element-57e9c336 elementor-widget elementor-widget-image\" data-id=\"57e9c336\" data-element_type=\"widget\" data-e-type=\"widget\" data-widget_type=\"image.default\">\n\t\t\t\t<div class=\"elementor-widget-container\">\n\t\t\t\t\t\t\t\t\t\t\t\t\t\t\t\t<a href=\"https:\/\/estrategiasdeautoproteccion.com\/\" target=\"_blank\">\n\t\t\t\t\t\t\t<img loading=\"lazy\" decoding=\"async\" width=\"840\" height=\"751\" src=\"https:\/\/estrategiasdeautoproteccion.com\/wp-content\/uploads\/2021\/06\/logo-color-4-1024x916.png\" class=\"attachment-large size-large wp-image-2661\" alt=\"\" srcset=\"https:\/\/estrategiasdeautoproteccion.com\/wp-content\/uploads\/2021\/06\/logo-color-4-1024x916.png 1024w, https:\/\/estrategiasdeautoproteccion.com\/wp-content\/uploads\/2021\/06\/logo-color-4-300x268.png 300w, https:\/\/estrategiasdeautoproteccion.com\/wp-content\/uploads\/2021\/06\/logo-color-4-768x687.png 768w, https:\/\/estrategiasdeautoproteccion.com\/wp-content\/uploads\/2021\/06\/logo-color-4.png 1123w\" sizes=\"(max-width: 709px) 85vw, (max-width: 909px) 67vw, (max-width: 1362px) 62vw, 840px\" \/>\t\t\t\t\t\t\t\t<\/a>\n\t\t\t\t\t\t\t\t\t\t\t\t\t\t\t<\/div>\n\t\t\t\t<\/div>\n\t\t\t\t\t<\/div>\n\t\t<\/div>\n\t\t\t\t\t<\/div>\n\t\t<\/section>\n\t\t\t\t<\/div>\n\t\t","protected":false},"excerpt":{"rendered":"<p>\u00bfQU\u00c9 TIPO DE CURSO DE MANEJO DE ARMAS NECESITAS? CURSO B\u00c1SICO NIVEL 1 PARA DESARROLLO DE HABILIDADES, NO REQUIERES EXPERIENCIA PREVIA, APTO PARA CUALQUIER PERSONA MAYOR DE EDAD. CERTIFICADO AVALADO POR EL MINISTERIO DEL DEPORTE Y EL MINISTERIO DE EDUCACI\u00d3N. M\u00c1S INFORMACI\u00d3N CURSO INDISPENSABLE PARA EL TR\u00c1MITE DE PERMISOS DE TENENCIA O DE PORTE DE &hellip; <a href=\"https:\/\/estrategiasdeautoproteccion.com\/index.php\/cursos-especiales-de-armas\/\" class=\"more-link\">Continuar leyendo<span class=\"screen-reader-text\"> \u00abcursos especiales de armas\u00bb<\/span><\/a><\/p>\n","protected":false},"author":1,"featured_media":0,"parent":0,"menu_order":0,"comment_status":"closed","ping_status":"closed","template":"elementor_header_footer","meta":{"footnotes":""},"_links":{"self":[{"href":"https:\/\/estrategiasdeautoproteccion.com\/index.php\/wp-json\/wp\/v2\/pages\/5888"}],"collection":[{"href":"https:\/\/estrategiasdeautoproteccion.com\/index.php\/wp-json\/wp\/v2\/pages"}],"about":[{"href":"https:\/\/estrategiasdeautoproteccion.com\/index.php\/wp-json\/wp\/v2\/types\/page"}],"author":[{"embeddable":true,"href":"https:\/\/estrategiasdeautoproteccion.com\/index.php\/wp-json\/wp\/v2\/users\/1"}],"replies":[{"embeddable":true,"href":"https:\/\/estrategiasdeautoproteccion.com\/index.php\/wp-json\/wp\/v2\/comments?post=5888"}],"version-history":[{"count":22,"href":"https:\/\/estrategiasdeautoproteccion.com\/index.php\/wp-json\/wp\/v2\/pages\/5888\/revisions"}],"predecessor-version":[{"id":5979,"href":"https:\/\/estrategiasdeautoproteccion.com\/index.php\/wp-json\/wp\/v2\/pages\/5888\/revisions\/5979"}],"wp:attachment":[{"href":"https:\/\/estrategiasdeautoproteccion.com\/index.php\/wp-json\/wp\/v2\/media?parent=5888"}],"curies":[{"name":"wp","href":"https:\/\/api.w.org\/{rel}","templated":true}]}}