{"id":961,"date":"2019-09-13T17:52:25","date_gmt":"2019-09-13T22:52:25","guid":{"rendered":"http:\/\/estrategiasdeautoproteccion.com\/?page_id=961"},"modified":"2024-04-09T14:53:49","modified_gmt":"2024-04-09T19:53:49","slug":"compra","status":"publish","type":"page","link":"https:\/\/estrategiasdeautoproteccion.com\/index.php\/compra\/","title":{"rendered":"Compra"},"content":{"rendered":"\t\t<div data-elementor-type=\"wp-post\" data-elementor-id=\"961\" class=\"elementor elementor-961\">\n\t\t\t\t\t\t<section class=\"elementor-section elementor-top-section elementor-element elementor-element-5531673c elementor-section-height-min-height elementor-section-content-middle elementor-section-stretched elementor-section-boxed elementor-section-height-default elementor-section-items-middle\" data-id=\"5531673c\" data-element_type=\"section\" data-e-type=\"section\" data-settings=\"{&quot;background_background&quot;:&quot;classic&quot;,&quot;stretch_section&quot;:&quot;section-stretched&quot;}\">\n\t\t\t\t\t\t<div class=\"elementor-container elementor-column-gap-no\">\n\t\t\t\t\t<div class=\"elementor-column elementor-col-50 elementor-top-column elementor-element elementor-element-70998f0f\" data-id=\"70998f0f\" data-element_type=\"column\" data-e-type=\"column\" data-settings=\"{&quot;background_background&quot;:&quot;classic&quot;}\">\n\t\t\t<div class=\"elementor-widget-wrap elementor-element-populated\">\n\t\t\t\t\t\t<div class=\"elementor-element elementor-element-88d170d elementor-icon-list--layout-inline elementor-mobile-align-center elementor-hidden-phone elementor-align-start elementor-list-item-link-full_width elementor-widget elementor-widget-icon-list\" data-id=\"88d170d\" data-element_type=\"widget\" data-e-type=\"widget\" data-widget_type=\"icon-list.default\">\n\t\t\t\t<div class=\"elementor-widget-container\">\n\t\t\t\t\t\t\t<ul class=\"elementor-icon-list-items elementor-inline-items\">\n\t\t\t\t\t\t\t<li class=\"elementor-icon-list-item elementor-inline-item\">\n\t\t\t\t\t\t\t\t\t\t\t<span class=\"elementor-icon-list-icon\">\n\t\t\t\t\t\t\t<i aria-hidden=\"true\" class=\"fab fa-whatsapp\"><\/i>\t\t\t\t\t\t<\/span>\n\t\t\t\t\t\t\t\t\t\t<span class=\"elementor-icon-list-text\">+593999383130<\/span>\n\t\t\t\t\t\t\t\t\t<\/li>\n\t\t\t\t\t\t\t\t<li class=\"elementor-icon-list-item elementor-inline-item\">\n\t\t\t\t\t\t\t\t\t\t\t<span class=\"elementor-icon-list-icon\">\n\t\t\t\t\t\t\t<i aria-hidden=\"true\" class=\"fas fa-envelope\"><\/i>\t\t\t\t\t\t<\/span>\n\t\t\t\t\t\t\t\t\t\t<span class=\"elementor-icon-list-text\">contacto@estrategiasdeautoproteccion.com<\/span>\n\t\t\t\t\t\t\t\t\t<\/li>\n\t\t\t\t\t\t<\/ul>\n\t\t\t\t\t\t<\/div>\n\t\t\t\t<\/div>\n\t\t\t\t\t<\/div>\n\t\t<\/div>\n\t\t\t\t<div class=\"elementor-column elementor-col-50 elementor-top-column elementor-element elementor-element-58bc402e\" data-id=\"58bc402e\" data-element_type=\"column\" data-e-type=\"column\" data-settings=\"{&quot;background_background&quot;:&quot;classic&quot;}\">\n\t\t\t<div class=\"elementor-widget-wrap elementor-element-populated\">\n\t\t\t\t\t\t<div class=\"elementor-element elementor-element-47d5aa97 e-grid-align-right e-grid-align-mobile-center elementor-shape-rounded elementor-grid-0 elementor-widget elementor-widget-social-icons\" data-id=\"47d5aa97\" data-element_type=\"widget\" data-e-type=\"widget\" data-widget_type=\"social-icons.default\">\n\t\t\t\t<div class=\"elementor-widget-container\">\n\t\t\t\t\t\t\t<div class=\"elementor-social-icons-wrapper elementor-grid\" role=\"list\">\n\t\t\t\t\t\t\t<span class=\"elementor-grid-item\" role=\"listitem\">\n\t\t\t\t\t<a class=\"elementor-icon elementor-social-icon elementor-social-icon-facebook elementor-animation-hang elementor-repeater-item-5646027\" href=\"https:\/\/www.facebook.com\/Extraproteccion\/\" target=\"_blank\">\n\t\t\t\t\t\t<span class=\"elementor-screen-only\">Facebook<\/span>\n\t\t\t\t\t\t\t\t\t\t\t\t\t<i class=\"fa fa-facebook\" aria-hidden=\"true\"><\/i>\n\t\t\t\t\t\t\t\t\t\t\t<\/a>\n\t\t\t\t<\/span>\n\t\t\t\t\t\t\t<span class=\"elementor-grid-item\" role=\"listitem\">\n\t\t\t\t\t<a class=\"elementor-icon elementor-social-icon elementor-social-icon-instagram elementor-animation-hang elementor-repeater-item-90d82ca\" href=\"https:\/\/www.instagram.com\/estrategiasautoproteccion\/\" target=\"_blank\">\n\t\t\t\t\t\t<span class=\"elementor-screen-only\">Instagram<\/span>\n\t\t\t\t\t\t\t\t\t\t\t\t\t<i class=\"fa fa-instagram\" aria-hidden=\"true\"><\/i>\n\t\t\t\t\t\t\t\t\t\t\t<\/a>\n\t\t\t\t<\/span>\n\t\t\t\t\t\t\t<span class=\"elementor-grid-item\" role=\"listitem\">\n\t\t\t\t\t<a class=\"elementor-icon elementor-social-icon elementor-social-icon-linkedin elementor-animation-hang elementor-repeater-item-d04f834\" href=\"https:\/\/www.linkedin.com\/feed\/\" target=\"_blank\">\n\t\t\t\t\t\t<span class=\"elementor-screen-only\">Linkedin<\/span>\n\t\t\t\t\t\t\t\t\t\t\t\t\t<i class=\"fa fa-linkedin\" aria-hidden=\"true\"><\/i>\n\t\t\t\t\t\t\t\t\t\t\t<\/a>\n\t\t\t\t<\/span>\n\t\t\t\t\t\t\t<span class=\"elementor-grid-item\" role=\"listitem\">\n\t\t\t\t\t<a class=\"elementor-icon elementor-social-icon elementor-social-icon-youtube elementor-animation-hang elementor-repeater-item-b1f69c6\" href=\"https:\/\/www.youtube.com\/channel\/UCSK7fOHP9Up8jRW3zHDWZYw?view_as=subscriber\" target=\"_blank\">\n\t\t\t\t\t\t<span class=\"elementor-screen-only\">Youtube<\/span>\n\t\t\t\t\t\t\t\t\t\t\t\t\t<i class=\"fa fa-youtube\" aria-hidden=\"true\"><\/i>\n\t\t\t\t\t\t\t\t\t\t\t<\/a>\n\t\t\t\t<\/span>\n\t\t\t\t\t\t\t<span class=\"elementor-grid-item\" role=\"listitem\">\n\t\t\t\t\t<a class=\"elementor-icon elementor-social-icon elementor-social-icon-twitter elementor-animation-hang elementor-repeater-item-72bc942\" href=\"https:\/\/twitter.com\/Krlospro\" target=\"_blank\">\n\t\t\t\t\t\t<span class=\"elementor-screen-only\">Twitter<\/span>\n\t\t\t\t\t\t\t\t\t\t\t\t\t<i class=\"fa fa-twitter\" aria-hidden=\"true\"><\/i>\n\t\t\t\t\t\t\t\t\t\t\t<\/a>\n\t\t\t\t<\/span>\n\t\t\t\t\t<\/div>\n\t\t\t\t\t\t<\/div>\n\t\t\t\t<\/div>\n\t\t\t\t\t<\/div>\n\t\t<\/div>\n\t\t\t\t\t<\/div>\n\t\t<\/section>\n\t\t\t\t<section class=\"elementor-section elementor-top-section elementor-element elementor-element-55a67d87 elementor-section-content-middle elementor-section-stretched elementor-section-boxed elementor-section-height-default elementor-section-height-default\" data-id=\"55a67d87\" data-element_type=\"section\" data-e-type=\"section\" data-settings=\"{&quot;background_background&quot;:&quot;classic&quot;,&quot;stretch_section&quot;:&quot;section-stretched&quot;}\">\n\t\t\t\t\t\t<div class=\"elementor-container elementor-column-gap-no\">\n\t\t\t\t\t<div class=\"elementor-column elementor-col-50 elementor-top-column elementor-element elementor-element-5c95c74b\" data-id=\"5c95c74b\" data-element_type=\"column\" data-e-type=\"column\">\n\t\t\t<div class=\"elementor-widget-wrap\">\n\t\t\t\t\t\t\t<\/div>\n\t\t<\/div>\n\t\t\t\t<div class=\"elementor-column elementor-col-50 elementor-top-column elementor-element elementor-element-8637721\" data-id=\"8637721\" data-element_type=\"column\" data-e-type=\"column\">\n\t\t\t<div class=\"elementor-widget-wrap\">\n\t\t\t\t\t\t\t<\/div>\n\t\t<\/div>\n\t\t\t\t\t<\/div>\n\t\t<\/section>\n\t\t\t\t<section class=\"elementor-section elementor-top-section elementor-element elementor-element-4068f58a elementor-section-height-min-height elementor-section-content-middle elementor-reverse-mobile elementor-section-stretched elementor-section-boxed elementor-section-height-default elementor-section-items-middle\" data-id=\"4068f58a\" data-element_type=\"section\" data-e-type=\"section\" data-settings=\"{&quot;background_background&quot;:&quot;classic&quot;,&quot;stretch_section&quot;:&quot;section-stretched&quot;}\">\n\t\t\t\t\t\t<div class=\"elementor-container elementor-column-gap-no\">\n\t\t\t\t\t<div class=\"elementor-column elementor-col-100 elementor-top-column elementor-element elementor-element-6b4ebfe6\" data-id=\"6b4ebfe6\" data-element_type=\"column\" data-e-type=\"column\">\n\t\t\t<div class=\"elementor-widget-wrap elementor-element-populated\">\n\t\t\t\t\t\t<div class=\"elementor-element elementor-element-e1e3bb7 elementor-widget elementor-widget-heading\" data-id=\"e1e3bb7\" data-element_type=\"widget\" data-e-type=\"widget\" data-widget_type=\"heading.default\">\n\t\t\t\t<div class=\"elementor-widget-container\">\n\t\t\t\t\t<h2 class=\"elementor-heading-title elementor-size-default\">\u00a1Felicidades por tu compra en la Tienda T\u00e1ctica!<\/h2>\t\t\t\t<\/div>\n\t\t\t\t<\/div>\n\t\t\t\t<div class=\"elementor-element elementor-element-3352fea elementor-widget elementor-widget-image\" data-id=\"3352fea\" data-element_type=\"widget\" data-e-type=\"widget\" data-widget_type=\"image.default\">\n\t\t\t\t<div class=\"elementor-widget-container\">\n\t\t\t\t\t\t\t\t\t\t\t\t\t\t\t<img fetchpriority=\"high\" decoding=\"async\" width=\"840\" height=\"473\" src=\"https:\/\/estrategiasdeautoproteccion.com\/wp-content\/uploads\/2021\/03\/Count-the-Colors-1024x577.jpg\" class=\"attachment-large size-large wp-image-1796\" alt=\"\" srcset=\"https:\/\/estrategiasdeautoproteccion.com\/wp-content\/uploads\/2021\/03\/Count-the-Colors-1024x577.jpg 1024w, https:\/\/estrategiasdeautoproteccion.com\/wp-content\/uploads\/2021\/03\/Count-the-Colors-300x169.jpg 300w, https:\/\/estrategiasdeautoproteccion.com\/wp-content\/uploads\/2021\/03\/Count-the-Colors-768x433.jpg 768w, https:\/\/estrategiasdeautoproteccion.com\/wp-content\/uploads\/2021\/03\/Count-the-Colors.jpg 1640w\" sizes=\"(max-width: 709px) 85vw, (max-width: 909px) 67vw, (max-width: 1362px) 62vw, 840px\" \/>\t\t\t\t\t\t\t\t\t\t\t\t\t\t\t<\/div>\n\t\t\t\t<\/div>\n\t\t\t\t<div class=\"elementor-element elementor-element-74e1adc elementor-widget elementor-widget-heading\" data-id=\"74e1adc\" data-element_type=\"widget\" data-e-type=\"widget\" data-widget_type=\"heading.default\">\n\t\t\t\t<div class=\"elementor-widget-container\">\n\t\t\t\t\t<h2 class=\"elementor-heading-title elementor-size-default\">TIENES DOS OPCIONES PARA CONCRETAR LA COMPRA DE TU IMPLEMENTO:<\/h2>\t\t\t\t<\/div>\n\t\t\t\t<\/div>\n\t\t\t\t<div class=\"elementor-element elementor-element-8a8d0f5 elementor-widget elementor-widget-heading\" data-id=\"8a8d0f5\" data-element_type=\"widget\" data-e-type=\"widget\" data-widget_type=\"heading.default\">\n\t\t\t\t<div class=\"elementor-widget-container\">\n\t\t\t\t\t<h2 class=\"elementor-heading-title elementor-size-default\">1.- VIS\u00cdTANOS EN NUESTRA TIENDA F\u00cdSICA:<\/h2>\t\t\t\t<\/div>\n\t\t\t\t<\/div>\n\t\t\t\t<div class=\"elementor-element elementor-element-bc73933 elementor-widget elementor-widget-text-editor\" data-id=\"bc73933\" data-element_type=\"widget\" data-e-type=\"widget\" data-widget_type=\"text-editor.default\">\n\t\t\t\t<div class=\"elementor-widget-container\">\n\t\t\t\t\t\t\t\t\t<p><strong>Adquiere tu producto con total seguridad, verifica su calidad y rev\u00edsalo en nuestro local con toda confianza antes de pagarlo, vis\u00edtanos.<\/strong><\/p><p><strong>Estamos ubicados en el centro sur de Quito, calles Cayetano Cestaris S8-29 y General Miller, sector Santa Luc\u00eda.<\/strong><\/p><p><strong>Horario de atenci\u00f3n PREVIA CITA: lunes a viernes de 10:00 a 16:00 horas.<\/strong><\/p>\t\t\t\t\t\t\t\t<\/div>\n\t\t\t\t<\/div>\n\t\t\t\t<div class=\"elementor-element elementor-element-2425b80 elementor-widget elementor-widget-heading\" data-id=\"2425b80\" data-element_type=\"widget\" data-e-type=\"widget\" data-widget_type=\"heading.default\">\n\t\t\t\t<div class=\"elementor-widget-container\">\n\t\t\t\t\t<h2 class=\"elementor-heading-title elementor-size-default\">2.- SOLICITA ENV\u00cdO A DOMICILIO TOTALMENTE GRATIS:<\/h2>\t\t\t\t<\/div>\n\t\t\t\t<\/div>\n\t\t\t\t<div class=\"elementor-element elementor-element-1eeadbc elementor-widget elementor-widget-text-editor\" data-id=\"1eeadbc\" data-element_type=\"widget\" data-e-type=\"widget\" data-widget_type=\"text-editor.default\">\n\t\t\t\t<div class=\"elementor-widget-container\">\n\t\t\t\t\t\t\t\t\t<p><strong>Los env\u00edos dentro de la ciudad de Quito y a todo el Ecuador continental lo hacemos mediante Servientrega. Primero se realiza el pago v\u00eda transferencia electr\u00f3nica o dep\u00f3sito bancario y una vez entregada la constancia procedemos a coordinar el env\u00edo que es completamente gratis durante este mes. El pedido llega de 24 a 48 horas laborables seg\u00fan el lugar.<\/strong><\/p><p><strong>Tambi\u00e9n puedes pagar en efectivo visit\u00e1ndonos directamente en nuestra tienda f\u00edsica. <\/strong><\/p><p><strong>Estamos solo en Quito, no tenemos sucursales en otras ciudades. !NO TE DEJES ESTAFAR! <\/strong><\/p><p><strong>CONTACTO: 09 999 41031 \/ 09 993 83130<\/strong><\/p>\t\t\t\t\t\t\t\t<\/div>\n\t\t\t\t<\/div>\n\t\t\t\t<div class=\"elementor-element elementor-element-4d0e3c5 elementor-widget elementor-widget-heading\" data-id=\"4d0e3c5\" data-element_type=\"widget\" data-e-type=\"widget\" data-widget_type=\"heading.default\">\n\t\t\t\t<div class=\"elementor-widget-container\">\n\t\t\t\t\t<h2 class=\"elementor-heading-title elementor-size-default\">PARA CONFIRMAR LA DISPONIBILIDAD EN STOCK DE ALGUNO DE NUESTROS IMPLEMENTOS O PARA SOLICITAR ENV\u00cdO A DOMICILIO DALE CLIC EN EL SIGUIENTE BOTON:<\/h2>\t\t\t\t<\/div>\n\t\t\t\t<\/div>\n\t\t\t\t<div class=\"elementor-element elementor-element-25cecf18 elementor-align-center elementor-mobile-align-center elementor-widget elementor-widget-button\" data-id=\"25cecf18\" data-element_type=\"widget\" data-e-type=\"widget\" data-widget_type=\"button.default\">\n\t\t\t\t<div class=\"elementor-widget-container\">\n\t\t\t\t\t\t\t\t\t<div class=\"elementor-button-wrapper\">\n\t\t\t\t\t<a class=\"elementor-button elementor-button-link elementor-size-md elementor-animation-grow\" href=\"https:\/\/wa.me\/593999941031?text=Hola%20quiero%20comprar%20los%20siguientes%20art%C3%ADculos%20\">\n\t\t\t\t\t\t<span class=\"elementor-button-content-wrapper\">\n\t\t\t\t\t\t<span class=\"elementor-button-icon\">\n\t\t\t\t<i aria-hidden=\"true\" class=\"fab fa-whatsapp\"><\/i>\t\t\t<\/span>\n\t\t\t\t\t\t\t\t\t<span class=\"elementor-button-text\">Enviar mensaje de whatsapp<\/span>\n\t\t\t\t\t<\/span>\n\t\t\t\t\t<\/a>\n\t\t\t\t<\/div>\n\t\t\t\t\t\t\t\t<\/div>\n\t\t\t\t<\/div>\n\t\t\t\t\t<\/div>\n\t\t<\/div>\n\t\t\t\t\t<\/div>\n\t\t<\/section>\n\t\t\t\t<section class=\"elementor-section elementor-top-section elementor-element elementor-element-761e4d6 elementor-section-boxed elementor-section-height-default elementor-section-height-default\" data-id=\"761e4d6\" data-element_type=\"section\" data-e-type=\"section\">\n\t\t\t\t\t\t<div class=\"elementor-container elementor-column-gap-default\">\n\t\t\t\t\t<div class=\"elementor-column elementor-col-100 elementor-top-column elementor-element elementor-element-edbb025\" data-id=\"edbb025\" data-element_type=\"column\" data-e-type=\"column\">\n\t\t\t<div class=\"elementor-widget-wrap elementor-element-populated\">\n\t\t\t\t\t\t<div class=\"elementor-element elementor-element-8afbf4c elementor-widget elementor-widget-spacer\" data-id=\"8afbf4c\" data-element_type=\"widget\" data-e-type=\"widget\" data-widget_type=\"spacer.default\">\n\t\t\t\t<div class=\"elementor-widget-container\">\n\t\t\t\t\t\t\t<div class=\"elementor-spacer\">\n\t\t\t<div class=\"elementor-spacer-inner\"><\/div>\n\t\t<\/div>\n\t\t\t\t\t\t<\/div>\n\t\t\t\t<\/div>\n\t\t\t\t\t<\/div>\n\t\t<\/div>\n\t\t\t\t\t<\/div>\n\t\t<\/section>\n\t\t\t\t<\/div>\n\t\t","protected":false},"excerpt":{"rendered":"<p>+593999383130 contacto@estrategiasdeautoproteccion.com Facebook Instagram Linkedin Youtube Twitter \u00a1Felicidades por tu compra en la Tienda T\u00e1ctica! TIENES DOS OPCIONES PARA CONCRETAR LA COMPRA DE TU IMPLEMENTO: 1.- VIS\u00cdTANOS EN NUESTRA TIENDA F\u00cdSICA: Adquiere tu producto con total seguridad, verifica su calidad y rev\u00edsalo en nuestro local con toda confianza antes de pagarlo, vis\u00edtanos. Estamos ubicados en &hellip; <a href=\"https:\/\/estrategiasdeautoproteccion.com\/index.php\/compra\/\" class=\"more-link\">Continuar leyendo<span class=\"screen-reader-text\"> \u00abCompra\u00bb<\/span><\/a><\/p>\n","protected":false},"author":1,"featured_media":0,"parent":0,"menu_order":0,"comment_status":"closed","ping_status":"closed","template":"elementor_header_footer","meta":{"footnotes":""},"_links":{"self":[{"href":"https:\/\/estrategiasdeautoproteccion.com\/index.php\/wp-json\/wp\/v2\/pages\/961"}],"collection":[{"href":"https:\/\/estrategiasdeautoproteccion.com\/index.php\/wp-json\/wp\/v2\/pages"}],"about":[{"href":"https:\/\/estrategiasdeautoproteccion.com\/index.php\/wp-json\/wp\/v2\/types\/page"}],"author":[{"embeddable":true,"href":"https:\/\/estrategiasdeautoproteccion.com\/index.php\/wp-json\/wp\/v2\/users\/1"}],"replies":[{"embeddable":true,"href":"https:\/\/estrategiasdeautoproteccion.com\/index.php\/wp-json\/wp\/v2\/comments?post=961"}],"version-history":[{"count":69,"href":"https:\/\/estrategiasdeautoproteccion.com\/index.php\/wp-json\/wp\/v2\/pages\/961\/revisions"}],"predecessor-version":[{"id":4959,"href":"https:\/\/estrategiasdeautoproteccion.com\/index.php\/wp-json\/wp\/v2\/pages\/961\/revisions\/4959"}],"wp:attachment":[{"href":"https:\/\/estrategiasdeautoproteccion.com\/index.php\/wp-json\/wp\/v2\/media?parent=961"}],"curies":[{"name":"wp","href":"https:\/\/api.w.org\/{rel}","templated":true}]}}